{"id":109034,"date":"2026-03-24T05:48:04","date_gmt":"2026-03-24T05:48:04","guid":{"rendered":"https:\/\/adl-regalosempresa.com\/tiendaonline\/articulos\/merchandising\/americano-vaso-termico-de-350-ml-con-tapa-antigoteo-para-personalizar-4\/"},"modified":"2026-03-24T08:47:32","modified_gmt":"2026-03-24T08:47:32","slug":"americano-vaso-termico-de-350-ml-con-tapa-antigoteo-para-personalizar-con-logo-3","status":"publish","type":"product","link":"https:\/\/adl-regalosempresa.com\/tiendaonline\/articulos\/merchandising\/americano-vaso-termico-de-350-ml-con-tapa-antigoteo-para-personalizar-con-logo-3\/","title":{"rendered":"Americano\u00ae Vaso t\u00e9rmico de 350 ml con tapa antigoteo  para personalizar con logo"},"content":{"rendered":"<p>Vaso con aislamiento de doble pared y tapa de rosca segura a prueba de derrames y capa interna negra. Los clips de la tapa se cierran para evitar derrames, y est\u00e1n fabricados sin silicona para que el vaso sea totalmente reciclable. El vaso est\u00e1 hecho de pl\u00e1stico PP 75 % reciclado y la tapa de pl\u00e1stico PP de grado alimenticio. Los tonos en negro o blanco pueden variar, la opci\u00f3n blanca tiene un efecto de textura y puede incluir tintes de color debido a la naturaleza del material reciclado. Cumple con la norma EN12875-1, es apto para el lavavajillas y el microondas. Capacidad de 350\u00a0ml. Suministrado en una bolsa compostable. Fabricado en el Reino Unido. Sin BPA<\/p>\n","protected":false},"excerpt":{"rendered":"<p><strong>Descuentos por cantidades<\/strong><br \/>&#8211; a partir de 100 unidades: 6,21 \u20ac\/ud<br \/>&#8211; a partir de 250 unidades: 5,75 \u20ac\/ud<br \/>&#8211; a partir de 500 unidades: 5,53 \u20ac\/ud<\/p>\n<p>Para cantidades superiores a las aqu\u00ed indicadas, no dudes en ponerte en contacto con nuestro departamento comercial o <a href='https:\/\/adl-regalosempresa.com\/tiendaonline\/solicitud-presupuesto\/'>pedirnos presupuesto personalizado<\/a>, ajustaremos el presupuesto a tus necesidades.<\/p>\n","protected":false},"featured_media":109036,"template":"","meta":{"_kad_post_transparent":"","_kad_post_title":"","_kad_post_layout":"","_kad_post_sidebar_id":"","_kad_post_content_style":"","_kad_post_vertical_padding":"","_kad_post_feature":"","_kad_post_feature_position":"","_kad_post_header":false,"_kad_post_footer":false,"_kad_post_classname":""},"product_brand":[],"product_cat":[3795,3372],"product_tag":[],"class_list":{"0":"post-109034","1":"product","2":"type-product","3":"status-publish","4":"has-post-thumbnail","6":"product_cat-vasos-tazas-isotermicas","7":"product_cat-articulos-para-bebidas","8":"pa_alto-154-cm","9":"pa_color-amarillo-blanco","10":"pa_color-amarillo-negro-intenso","11":"pa_color-azul","12":"pa_color-azul-aqua-blanco","13":"pa_color-azul-aqua-negro-intenso","14":"pa_color-azul-intermedio-blanco","15":"pa_color-azul-intermedio-negro-intenso","16":"pa_color-azul-blanco","17":"pa_color-azul-negro-intenso","18":"pa_color-blanco","19":"pa_color-blanco-negro-intenso","20":"pa_color-gris","21":"pa_color-gris-blanco","22":"pa_color-gris-negro-intenso","23":"pa_color-lima","24":"pa_color-lima-blanco","25":"pa_color-lima-negro-intenso","26":"pa_color-marron-blanco","27":"pa_color-marron-negro-intenso","28":"pa_color-morado","29":"pa_color-morado-blanco","30":"pa_color-morado-negro-intenso","31":"pa_color-naranja","32":"pa_color-naranja-blanco","33":"pa_color-naranja-negro-intenso","34":"pa_color-negro-intenso-blanco","35":"pa_color-negro-intenso-negro-intenso","36":"pa_color-rojo","37":"pa_color-rojo-blanco","38":"pa_color-rojo-negro-intenso","39":"pa_color-rosa-blanco","40":"pa_color-rosa-negro-intenso","41":"pa_color-verde-blanco","42":"pa_color-verde-negro-intenso","43":"pa_color-simple-amarillo","44":"pa_color-simple-azul","45":"pa_color-simple-blanco","46":"pa_color-simple-gris","47":"pa_color-simple-naranja","48":"pa_color-simple-negro-intenso","49":"pa_color-simple-purpura","50":"pa_color-simple-rojo","51":"pa_color-simple-rosa","52":"pa_color-simple-verde","53":"pa_diametro-945-cm","54":"pa_marca-unbranded","55":"pa_material-polipropileno-reciclado-plastico-pp","56":"pa_peso-122-gr","58":"first","59":"instock","60":"taxable","61":"shipping-taxable","62":"purchasable","63":"product-type-variable","64":"entry","65":"content-bg","66":"loop-entry"},"yoast_head":"<!-- This site is optimized with the Yoast SEO plugin v26.3 - https:\/\/yoast.com\/wordpress\/plugins\/seo\/ -->\n<title>Merchandising Americano\u00ae Vaso t\u00e9rmico de 350 ml con tapa antigoteo para personalizar con logo - ADL<\/title>\n<meta name=\"description\" content=\"Art\u00edculo de merchandising Americano\u00ae Vaso t\u00e9rmico de 350 ml con tapa antigoteo &quot;Eco&quot;. Vaso con aislamiento de doble pared y tapa de rosca segura a prueba de derrames y capa interna negra. Los clips de la tapa se cierran para evitar derrames, y est\u00e1n fabricados sin silicona para que el vaso sea totalmente reciclable. El vaso est\u00e1 hecho de pl\u00e1stico PP 75 % reciclado y la tapa de pl\u00e1stico PP de grado alimenticio. Los tonos en negro o blanco pueden variar, la opci\u00f3n blanca tiene un efecto de textura y puede incluir tintes de color debido a la naturaleza del material reciclado. Cumple con la norma EN12875-1, es apto para el lavavajillas y el microondas. Capacidad de 350\u00a0ml. Suministrado en una bolsa compostable. Fabricado en el Reino Unido. Sin BPA\" \/>\n<meta name=\"robots\" content=\"index, follow, max-snippet:-1, max-image-preview:large, max-video-preview:-1\" \/>\n<link rel=\"canonical\" href=\"https:\/\/adl-regalosempresa.com\/tiendaonline\/articulos\/merchandising\/americano-vaso-termico-de-350-ml-con-tapa-antigoteo-para-personalizar-con-logo-3\/\" \/>\n<meta property=\"og:locale\" content=\"es_ES\" \/>\n<meta property=\"og:type\" content=\"article\" \/>\n<meta property=\"og:title\" content=\"Merchandising Americano\u00ae Vaso t\u00e9rmico de 350 ml con tapa antigoteo para personalizar con logo - ADL\" \/>\n<meta property=\"og:description\" content=\"Art\u00edculo de merchandising Americano\u00ae Vaso t\u00e9rmico de 350 ml con tapa antigoteo &quot;Eco&quot;. Vaso con aislamiento de doble pared y tapa de rosca segura a prueba de derrames y capa interna negra. Los clips de la tapa se cierran para evitar derrames, y est\u00e1n fabricados sin silicona para que el vaso sea totalmente reciclable. El vaso est\u00e1 hecho de pl\u00e1stico PP 75 % reciclado y la tapa de pl\u00e1stico PP de grado alimenticio. Los tonos en negro o blanco pueden variar, la opci\u00f3n blanca tiene un efecto de textura y puede incluir tintes de color debido a la naturaleza del material reciclado. Cumple con la norma EN12875-1, es apto para el lavavajillas y el microondas. Capacidad de 350\u00a0ml. Suministrado en una bolsa compostable. Fabricado en el Reino Unido. Sin BPA\" \/>\n<meta property=\"og:url\" content=\"https:\/\/adl-regalosempresa.com\/tiendaonline\/articulos\/merchandising\/americano-vaso-termico-de-350-ml-con-tapa-antigoteo-para-personalizar-con-logo-3\/\" \/>\n<meta property=\"og:site_name\" content=\"ADL Comunicaci\u00f3n\" \/>\n<meta property=\"article:modified_time\" content=\"2026-03-24T08:47:32+00:00\" \/>\n<meta property=\"og:image\" content=\"https:\/\/adl-regalosempresa.com\/tiendaonline\/wp-content\/uploads\/2022\/06\/21042501.jpg\" \/>\n\t<meta property=\"og:image:width\" content=\"1600\" \/>\n\t<meta property=\"og:image:height\" content=\"1600\" \/>\n\t<meta property=\"og:image:type\" content=\"image\/jpeg\" \/>\n<meta name=\"twitter:card\" content=\"summary_large_image\" \/>\n<meta name=\"twitter:title\" content=\"Merchandising Americano\u00ae Vaso t\u00e9rmico de 350 ml con tapa antigoteo para personalizar con logo - ADL\" \/>\n<meta name=\"twitter:label1\" content=\"Tiempo de lectura\" \/>\n\t<meta name=\"twitter:data1\" content=\"1 minuto\" \/>\n<script type=\"application\/ld+json\" class=\"yoast-schema-graph\">{\"@context\":\"https:\/\/schema.org\",\"@graph\":[{\"@type\":\"WebPage\",\"@id\":\"https:\/\/adl-regalosempresa.com\/tiendaonline\/articulos\/merchandising\/americano-vaso-termico-de-350-ml-con-tapa-antigoteo-para-personalizar-con-logo-3\/\",\"url\":\"https:\/\/adl-regalosempresa.com\/tiendaonline\/articulos\/merchandising\/americano-vaso-termico-de-350-ml-con-tapa-antigoteo-para-personalizar-con-logo-3\/\",\"name\":\"Merchandising Americano\u00ae Vaso t\u00e9rmico de 350 ml con tapa antigoteo para personalizar con logo - ADL\",\"isPartOf\":{\"@id\":\"https:\/\/adl-regalosempresa.com\/tiendaonline\/#website\"},\"primaryImageOfPage\":{\"@id\":\"https:\/\/adl-regalosempresa.com\/tiendaonline\/articulos\/merchandising\/americano-vaso-termico-de-350-ml-con-tapa-antigoteo-para-personalizar-con-logo-3\/#primaryimage\"},\"image\":{\"@id\":\"https:\/\/adl-regalosempresa.com\/tiendaonline\/articulos\/merchandising\/americano-vaso-termico-de-350-ml-con-tapa-antigoteo-para-personalizar-con-logo-3\/#primaryimage\"},\"thumbnailUrl\":\"https:\/\/adl-regalosempresa.com\/tiendaonline\/wp-content\/uploads\/2022\/06\/21042501.jpg\",\"datePublished\":\"2026-03-24T05:48:04+00:00\",\"dateModified\":\"2026-03-24T08:47:32+00:00\",\"description\":\"Art\u00edculo de merchandising Americano\u00ae Vaso t\u00e9rmico de 350 ml con tapa antigoteo \\\"Eco\\\". Vaso con aislamiento de doble pared y tapa de rosca segura a prueba de derrames y capa interna negra. Los clips de la tapa se cierran para evitar derrames, y est\u00e1n fabricados sin silicona para que el vaso sea totalmente reciclable. El vaso est\u00e1 hecho de pl\u00e1stico PP 75 % reciclado y la tapa de pl\u00e1stico PP de grado alimenticio. Los tonos en negro o blanco pueden variar, la opci\u00f3n blanca tiene un efecto de textura y puede incluir tintes de color debido a la naturaleza del material reciclado. Cumple con la norma EN12875-1, es apto para el lavavajillas y el microondas. Capacidad de 350\u00a0ml. Suministrado en una bolsa compostable. Fabricado en el Reino Unido. Sin BPA\",\"breadcrumb\":{\"@id\":\"https:\/\/adl-regalosempresa.com\/tiendaonline\/articulos\/merchandising\/americano-vaso-termico-de-350-ml-con-tapa-antigoteo-para-personalizar-con-logo-3\/#breadcrumb\"},\"inLanguage\":\"es\",\"potentialAction\":[{\"@type\":\"ReadAction\",\"target\":[\"https:\/\/adl-regalosempresa.com\/tiendaonline\/articulos\/merchandising\/americano-vaso-termico-de-350-ml-con-tapa-antigoteo-para-personalizar-con-logo-3\/\"]}]},{\"@type\":\"ImageObject\",\"inLanguage\":\"es\",\"@id\":\"https:\/\/adl-regalosempresa.com\/tiendaonline\/articulos\/merchandising\/americano-vaso-termico-de-350-ml-con-tapa-antigoteo-para-personalizar-con-logo-3\/#primaryimage\",\"url\":\"https:\/\/adl-regalosempresa.com\/tiendaonline\/wp-content\/uploads\/2022\/06\/21042501.jpg\",\"contentUrl\":\"https:\/\/adl-regalosempresa.com\/tiendaonline\/wp-content\/uploads\/2022\/06\/21042501.jpg\",\"width\":1600,\"height\":1600,\"caption\":\"Americano\u00ae Vaso t\u00e9rmico de 350 ml con tapa antigoteo \\\"Eco\\\"\"},{\"@type\":\"BreadcrumbList\",\"@id\":\"https:\/\/adl-regalosempresa.com\/tiendaonline\/articulos\/merchandising\/americano-vaso-termico-de-350-ml-con-tapa-antigoteo-para-personalizar-con-logo-3\/#breadcrumb\",\"itemListElement\":[{\"@type\":\"ListItem\",\"position\":1,\"name\":\"Portada\",\"item\":\"https:\/\/adl-regalosempresa.com\/tiendaonline\/\"},{\"@type\":\"ListItem\",\"position\":2,\"name\":\"Tienda\",\"item\":\"https:\/\/adl-regalosempresa.com\/tiendaonline\/tienda\/\"},{\"@type\":\"ListItem\",\"position\":3,\"name\":\"Americano\u00ae Vaso t\u00e9rmico de 350 ml con tapa antigoteo para personalizar con logo\"}]},{\"@type\":\"WebSite\",\"@id\":\"https:\/\/adl-regalosempresa.com\/tiendaonline\/#website\",\"url\":\"https:\/\/adl-regalosempresa.com\/tiendaonline\/\",\"name\":\"ADL Comunicaci\u00f3n\",\"description\":\"Regalos de empresa\",\"publisher\":{\"@id\":\"https:\/\/adl-regalosempresa.com\/tiendaonline\/#organization\"},\"potentialAction\":[{\"@type\":\"SearchAction\",\"target\":{\"@type\":\"EntryPoint\",\"urlTemplate\":\"https:\/\/adl-regalosempresa.com\/tiendaonline\/?s={search_term_string}\"},\"query-input\":{\"@type\":\"PropertyValueSpecification\",\"valueRequired\":true,\"valueName\":\"search_term_string\"}}],\"inLanguage\":\"es\"},{\"@type\":\"Organization\",\"@id\":\"https:\/\/adl-regalosempresa.com\/tiendaonline\/#organization\",\"name\":\"ADL Comunicaci\u00f3n\",\"url\":\"https:\/\/adl-regalosempresa.com\/tiendaonline\/\",\"logo\":{\"@type\":\"ImageObject\",\"inLanguage\":\"es\",\"@id\":\"https:\/\/adl-regalosempresa.com\/tiendaonline\/#\/schema\/logo\/image\/\",\"url\":\"https:\/\/adl-regalosempresa.com\/tiendaonline\/wp-content\/uploads\/2017\/09\/logo-adl-wp.png\",\"contentUrl\":\"https:\/\/adl-regalosempresa.com\/tiendaonline\/wp-content\/uploads\/2017\/09\/logo-adl-wp.png\",\"width\":407,\"height\":185,\"caption\":\"ADL Comunicaci\u00f3n\"},\"image\":{\"@id\":\"https:\/\/adl-regalosempresa.com\/tiendaonline\/#\/schema\/logo\/image\/\"}}]}<\/script>\n<!-- \/ Yoast SEO plugin. -->","yoast_head_json":{"title":"Merchandising Americano\u00ae Vaso t\u00e9rmico de 350 ml con tapa antigoteo para personalizar con logo - ADL","description":"Art\u00edculo de merchandising Americano\u00ae Vaso t\u00e9rmico de 350 ml con tapa antigoteo \"Eco\". Vaso con aislamiento de doble pared y tapa de rosca segura a prueba de derrames y capa interna negra. Los clips de la tapa se cierran para evitar derrames, y est\u00e1n fabricados sin silicona para que el vaso sea totalmente reciclable. El vaso est\u00e1 hecho de pl\u00e1stico PP 75 % reciclado y la tapa de pl\u00e1stico PP de grado alimenticio. Los tonos en negro o blanco pueden variar, la opci\u00f3n blanca tiene un efecto de textura y puede incluir tintes de color debido a la naturaleza del material reciclado. Cumple con la norma EN12875-1, es apto para el lavavajillas y el microondas. Capacidad de 350\u00a0ml. Suministrado en una bolsa compostable. Fabricado en el Reino Unido. Sin BPA","robots":{"index":"index","follow":"follow","max-snippet":"max-snippet:-1","max-image-preview":"max-image-preview:large","max-video-preview":"max-video-preview:-1"},"canonical":"https:\/\/adl-regalosempresa.com\/tiendaonline\/articulos\/merchandising\/americano-vaso-termico-de-350-ml-con-tapa-antigoteo-para-personalizar-con-logo-3\/","og_locale":"es_ES","og_type":"article","og_title":"Merchandising Americano\u00ae Vaso t\u00e9rmico de 350 ml con tapa antigoteo para personalizar con logo - ADL","og_description":"Art\u00edculo de merchandising Americano\u00ae Vaso t\u00e9rmico de 350 ml con tapa antigoteo \"Eco\". Vaso con aislamiento de doble pared y tapa de rosca segura a prueba de derrames y capa interna negra. Los clips de la tapa se cierran para evitar derrames, y est\u00e1n fabricados sin silicona para que el vaso sea totalmente reciclable. El vaso est\u00e1 hecho de pl\u00e1stico PP 75 % reciclado y la tapa de pl\u00e1stico PP de grado alimenticio. Los tonos en negro o blanco pueden variar, la opci\u00f3n blanca tiene un efecto de textura y puede incluir tintes de color debido a la naturaleza del material reciclado. Cumple con la norma EN12875-1, es apto para el lavavajillas y el microondas. Capacidad de 350\u00a0ml. Suministrado en una bolsa compostable. Fabricado en el Reino Unido. Sin BPA","og_url":"https:\/\/adl-regalosempresa.com\/tiendaonline\/articulos\/merchandising\/americano-vaso-termico-de-350-ml-con-tapa-antigoteo-para-personalizar-con-logo-3\/","og_site_name":"ADL Comunicaci\u00f3n","article_modified_time":"2026-03-24T08:47:32+00:00","og_image":[{"width":1600,"height":1600,"url":"https:\/\/adl-regalosempresa.com\/tiendaonline\/wp-content\/uploads\/2022\/06\/21042501.jpg","type":"image\/jpeg"}],"twitter_card":"summary_large_image","twitter_title":"Merchandising Americano\u00ae Vaso t\u00e9rmico de 350 ml con tapa antigoteo para personalizar con logo - ADL","twitter_misc":{"Tiempo de lectura":"1 minuto"},"schema":{"@context":"https:\/\/schema.org","@graph":[{"@type":"WebPage","@id":"https:\/\/adl-regalosempresa.com\/tiendaonline\/articulos\/merchandising\/americano-vaso-termico-de-350-ml-con-tapa-antigoteo-para-personalizar-con-logo-3\/","url":"https:\/\/adl-regalosempresa.com\/tiendaonline\/articulos\/merchandising\/americano-vaso-termico-de-350-ml-con-tapa-antigoteo-para-personalizar-con-logo-3\/","name":"Merchandising Americano\u00ae Vaso t\u00e9rmico de 350 ml con tapa antigoteo para personalizar con logo - ADL","isPartOf":{"@id":"https:\/\/adl-regalosempresa.com\/tiendaonline\/#website"},"primaryImageOfPage":{"@id":"https:\/\/adl-regalosempresa.com\/tiendaonline\/articulos\/merchandising\/americano-vaso-termico-de-350-ml-con-tapa-antigoteo-para-personalizar-con-logo-3\/#primaryimage"},"image":{"@id":"https:\/\/adl-regalosempresa.com\/tiendaonline\/articulos\/merchandising\/americano-vaso-termico-de-350-ml-con-tapa-antigoteo-para-personalizar-con-logo-3\/#primaryimage"},"thumbnailUrl":"https:\/\/adl-regalosempresa.com\/tiendaonline\/wp-content\/uploads\/2022\/06\/21042501.jpg","datePublished":"2026-03-24T05:48:04+00:00","dateModified":"2026-03-24T08:47:32+00:00","description":"Art\u00edculo de merchandising Americano\u00ae Vaso t\u00e9rmico de 350 ml con tapa antigoteo \"Eco\". Vaso con aislamiento de doble pared y tapa de rosca segura a prueba de derrames y capa interna negra. Los clips de la tapa se cierran para evitar derrames, y est\u00e1n fabricados sin silicona para que el vaso sea totalmente reciclable. El vaso est\u00e1 hecho de pl\u00e1stico PP 75 % reciclado y la tapa de pl\u00e1stico PP de grado alimenticio. Los tonos en negro o blanco pueden variar, la opci\u00f3n blanca tiene un efecto de textura y puede incluir tintes de color debido a la naturaleza del material reciclado. Cumple con la norma EN12875-1, es apto para el lavavajillas y el microondas. Capacidad de 350\u00a0ml. Suministrado en una bolsa compostable. Fabricado en el Reino Unido. Sin BPA","breadcrumb":{"@id":"https:\/\/adl-regalosempresa.com\/tiendaonline\/articulos\/merchandising\/americano-vaso-termico-de-350-ml-con-tapa-antigoteo-para-personalizar-con-logo-3\/#breadcrumb"},"inLanguage":"es","potentialAction":[{"@type":"ReadAction","target":["https:\/\/adl-regalosempresa.com\/tiendaonline\/articulos\/merchandising\/americano-vaso-termico-de-350-ml-con-tapa-antigoteo-para-personalizar-con-logo-3\/"]}]},{"@type":"ImageObject","inLanguage":"es","@id":"https:\/\/adl-regalosempresa.com\/tiendaonline\/articulos\/merchandising\/americano-vaso-termico-de-350-ml-con-tapa-antigoteo-para-personalizar-con-logo-3\/#primaryimage","url":"https:\/\/adl-regalosempresa.com\/tiendaonline\/wp-content\/uploads\/2022\/06\/21042501.jpg","contentUrl":"https:\/\/adl-regalosempresa.com\/tiendaonline\/wp-content\/uploads\/2022\/06\/21042501.jpg","width":1600,"height":1600,"caption":"Americano\u00ae Vaso t\u00e9rmico de 350 ml con tapa antigoteo \"Eco\""},{"@type":"BreadcrumbList","@id":"https:\/\/adl-regalosempresa.com\/tiendaonline\/articulos\/merchandising\/americano-vaso-termico-de-350-ml-con-tapa-antigoteo-para-personalizar-con-logo-3\/#breadcrumb","itemListElement":[{"@type":"ListItem","position":1,"name":"Portada","item":"https:\/\/adl-regalosempresa.com\/tiendaonline\/"},{"@type":"ListItem","position":2,"name":"Tienda","item":"https:\/\/adl-regalosempresa.com\/tiendaonline\/tienda\/"},{"@type":"ListItem","position":3,"name":"Americano\u00ae Vaso t\u00e9rmico de 350 ml con tapa antigoteo para personalizar con logo"}]},{"@type":"WebSite","@id":"https:\/\/adl-regalosempresa.com\/tiendaonline\/#website","url":"https:\/\/adl-regalosempresa.com\/tiendaonline\/","name":"ADL Comunicaci\u00f3n","description":"Regalos de empresa","publisher":{"@id":"https:\/\/adl-regalosempresa.com\/tiendaonline\/#organization"},"potentialAction":[{"@type":"SearchAction","target":{"@type":"EntryPoint","urlTemplate":"https:\/\/adl-regalosempresa.com\/tiendaonline\/?s={search_term_string}"},"query-input":{"@type":"PropertyValueSpecification","valueRequired":true,"valueName":"search_term_string"}}],"inLanguage":"es"},{"@type":"Organization","@id":"https:\/\/adl-regalosempresa.com\/tiendaonline\/#organization","name":"ADL Comunicaci\u00f3n","url":"https:\/\/adl-regalosempresa.com\/tiendaonline\/","logo":{"@type":"ImageObject","inLanguage":"es","@id":"https:\/\/adl-regalosempresa.com\/tiendaonline\/#\/schema\/logo\/image\/","url":"https:\/\/adl-regalosempresa.com\/tiendaonline\/wp-content\/uploads\/2017\/09\/logo-adl-wp.png","contentUrl":"https:\/\/adl-regalosempresa.com\/tiendaonline\/wp-content\/uploads\/2017\/09\/logo-adl-wp.png","width":407,"height":185,"caption":"ADL Comunicaci\u00f3n"},"image":{"@id":"https:\/\/adl-regalosempresa.com\/tiendaonline\/#\/schema\/logo\/image\/"}}]}},"_links":{"self":[{"href":"https:\/\/adl-regalosempresa.com\/tiendaonline\/wp-json\/wp\/v2\/product\/109034","targetHints":{"allow":["GET"]}}],"collection":[{"href":"https:\/\/adl-regalosempresa.com\/tiendaonline\/wp-json\/wp\/v2\/product"}],"about":[{"href":"https:\/\/adl-regalosempresa.com\/tiendaonline\/wp-json\/wp\/v2\/types\/product"}],"wp:featuredmedia":[{"embeddable":true,"href":"https:\/\/adl-regalosempresa.com\/tiendaonline\/wp-json\/wp\/v2\/media\/109036"}],"wp:attachment":[{"href":"https:\/\/adl-regalosempresa.com\/tiendaonline\/wp-json\/wp\/v2\/media?parent=109034"}],"wp:term":[{"taxonomy":"product_brand","embeddable":true,"href":"https:\/\/adl-regalosempresa.com\/tiendaonline\/wp-json\/wp\/v2\/product_brand?post=109034"},{"taxonomy":"product_cat","embeddable":true,"href":"https:\/\/adl-regalosempresa.com\/tiendaonline\/wp-json\/wp\/v2\/product_cat?post=109034"},{"taxonomy":"product_tag","embeddable":true,"href":"https:\/\/adl-regalosempresa.com\/tiendaonline\/wp-json\/wp\/v2\/product_tag?post=109034"}],"curies":[{"name":"wp","href":"https:\/\/api.w.org\/{rel}","templated":true}]}}