{"id":107980,"date":"2026-03-24T05:44:05","date_gmt":"2026-03-24T05:44:05","guid":{"rendered":"https:\/\/adl-regalosempresa.com\/tiendaonline\/articulos\/merchandising\/gorra-de-5-paneles-para-personalizar-5\/"},"modified":"2026-04-18T08:44:11","modified_gmt":"2026-04-18T08:44:11","slug":"gorra-de-5-paneles-para-personalizar-con-logo-4","status":"publish","type":"product","link":"https:\/\/adl-regalosempresa.com\/tiendaonline\/articulos\/merchandising\/gorra-de-5-paneles-para-personalizar-con-logo-4\/","title":{"rendered":"Gorra de 5 paneles  para personalizar con logo"},"content":{"rendered":"<p>La gorra Doyle de 5 paneles: un dise\u00f1o atemporal para ampliar tu colecci\u00f3n de prendas para la cabeza. Con su visera precurvada, esta gorra combina la est\u00e9tica cl\u00e1sica con la protecci\u00f3n solar esencial. Los ojales bordados de la gorra ofrecen una ventilaci\u00f3n \u00f3ptima, manteni\u00e9ndote fresco y c\u00f3modo durante tus actividades al aire libre. Con una circunferencia de cabeza de 58 cm, garantiza un ajuste a medida para una gran variedad de tama\u00f1os, el cierre de hebilla met\u00e1lica permite un ajuste f\u00e1cil y seguro. Fabricada en sarga de algod\u00f3n cepillado pesado de 260 g\/m\u00b2.<\/p>\n","protected":false},"excerpt":{"rendered":"<p><strong>Descuentos por cantidades<\/strong><br \/>&#8211; a partir de 100 unidades: 3,72 \u20ac\/ud<br \/>&#8211; a partir de 250 unidades: 3,72 \u20ac\/ud<br \/>&#8211; a partir de 1000 unidades: 3,66 \u20ac\/ud<\/p>\n<p>Para cantidades superiores a las aqu\u00ed indicadas, no dudes en ponerte en contacto con nuestro departamento comercial o <a href='https:\/\/adl-regalosempresa.com\/tiendaonline\/solicitud-presupuesto\/'>pedirnos presupuesto personalizado<\/a>, ajustaremos el presupuesto a tus necesidades.<\/p>\n","protected":false},"featured_media":107982,"template":"","meta":{"_kad_post_transparent":"","_kad_post_title":"","_kad_post_layout":"","_kad_post_sidebar_id":"","_kad_post_content_style":"","_kad_post_vertical_padding":"","_kad_post_feature":"","_kad_post_feature_position":"","_kad_post_header":false,"_kad_post_footer":false,"_kad_post_classname":""},"product_brand":[],"product_cat":[6228,3649],"product_tag":[],"class_list":{"0":"post-107980","1":"product","2":"type-product","3":"status-publish","4":"has-post-thumbnail","6":"product_cat-gorras-y-sombreros","7":"product_cat-ropa","8":"pa_color-avena","9":"pa_color-azul","10":"pa_color-azul-claro","11":"pa_color-azul-hale","12":"pa_color-azul-marino","13":"pa_color-blanco","14":"pa_color-gris","15":"pa_color-gris-tormenta","16":"pa_color-naranja","17":"pa_color-negro-intenso","18":"pa_color-rojo","19":"pa_color-rosa-claro","20":"pa_color-verde-bosque","21":"pa_color-simple-azul","22":"pa_color-simple-blanco","23":"pa_color-simple-gris","24":"pa_color-simple-naranja","25":"pa_color-simple-natural","26":"pa_color-simple-negro-intenso","27":"pa_color-simple-rojo","28":"pa_color-simple-verde","29":"pa_genero-unisex","30":"pa_marca-elevate","31":"pa_material-sarga-gruesa-de-algodon-cepillado-algodon-260-g-m2","32":"pa_peso-69-gr","34":"first","35":"instock","36":"taxable","37":"shipping-taxable","38":"purchasable","39":"product-type-variable","40":"entry","41":"content-bg","42":"loop-entry"},"yoast_head":"<!-- This site is optimized with the Yoast SEO plugin v26.3 - https:\/\/yoast.com\/wordpress\/plugins\/seo\/ -->\n<title>Merchandising Gorra de 5 paneles para personalizar con logo - ADL<\/title>\n<meta name=\"description\" content=\"Art\u00edculo de merchandising Gorra de 5 paneles &quot;Doyle&quot;. La gorra Doyle de 5 paneles: un dise\u00f1o atemporal para ampliar tu colecci\u00f3n de prendas para la cabeza. Con su visera precurvada, esta gorra combina la est\u00e9tica cl\u00e1sica con la protecci\u00f3n solar esencial. Los ojales bordados de la gorra ofrecen una ventilaci\u00f3n \u00f3ptima, manteni\u00e9ndote fresco y c\u00f3modo durante tus actividades al aire libre. Con una circunferencia de cabeza de 58 cm, garantiza un ajuste a medida para una gran variedad de tama\u00f1os, el cierre de hebilla met\u00e1lica permite un ajuste f\u00e1cil y seguro. Fabricada en sarga de algod\u00f3n cepillado pesado de 260 g\/m\u00b2.\" \/>\n<meta name=\"robots\" content=\"index, follow, max-snippet:-1, max-image-preview:large, max-video-preview:-1\" \/>\n<link rel=\"canonical\" href=\"https:\/\/adl-regalosempresa.com\/tiendaonline\/articulos\/merchandising\/gorra-de-5-paneles-para-personalizar-con-logo-4\/\" \/>\n<meta property=\"og:locale\" content=\"es_ES\" \/>\n<meta property=\"og:type\" content=\"article\" \/>\n<meta property=\"og:title\" content=\"Merchandising Gorra de 5 paneles para personalizar con logo - ADL\" \/>\n<meta property=\"og:description\" content=\"Art\u00edculo de merchandising Gorra de 5 paneles &quot;Doyle&quot;. La gorra Doyle de 5 paneles: un dise\u00f1o atemporal para ampliar tu colecci\u00f3n de prendas para la cabeza. Con su visera precurvada, esta gorra combina la est\u00e9tica cl\u00e1sica con la protecci\u00f3n solar esencial. Los ojales bordados de la gorra ofrecen una ventilaci\u00f3n \u00f3ptima, manteni\u00e9ndote fresco y c\u00f3modo durante tus actividades al aire libre. Con una circunferencia de cabeza de 58 cm, garantiza un ajuste a medida para una gran variedad de tama\u00f1os, el cierre de hebilla met\u00e1lica permite un ajuste f\u00e1cil y seguro. Fabricada en sarga de algod\u00f3n cepillado pesado de 260 g\/m\u00b2.\" \/>\n<meta property=\"og:url\" content=\"https:\/\/adl-regalosempresa.com\/tiendaonline\/articulos\/merchandising\/gorra-de-5-paneles-para-personalizar-con-logo-4\/\" \/>\n<meta property=\"og:site_name\" content=\"ADL Comunicaci\u00f3n\" \/>\n<meta property=\"article:modified_time\" content=\"2026-04-18T08:44:11+00:00\" \/>\n<meta property=\"og:image\" content=\"https:\/\/adl-regalosempresa.com\/tiendaonline\/wp-content\/uploads\/2022\/06\/38677010.jpg\" \/>\n\t<meta property=\"og:image:width\" content=\"1600\" \/>\n\t<meta property=\"og:image:height\" content=\"1600\" \/>\n\t<meta property=\"og:image:type\" content=\"image\/jpeg\" \/>\n<meta name=\"twitter:card\" content=\"summary_large_image\" \/>\n<meta name=\"twitter:title\" content=\"Merchandising Gorra de 5 paneles para personalizar con logo - ADL\" \/>\n<meta name=\"twitter:label1\" content=\"Tiempo de lectura\" \/>\n\t<meta name=\"twitter:data1\" content=\"1 minuto\" \/>\n<script type=\"application\/ld+json\" class=\"yoast-schema-graph\">{\"@context\":\"https:\/\/schema.org\",\"@graph\":[{\"@type\":\"WebPage\",\"@id\":\"https:\/\/adl-regalosempresa.com\/tiendaonline\/articulos\/merchandising\/gorra-de-5-paneles-para-personalizar-con-logo-4\/\",\"url\":\"https:\/\/adl-regalosempresa.com\/tiendaonline\/articulos\/merchandising\/gorra-de-5-paneles-para-personalizar-con-logo-4\/\",\"name\":\"Merchandising Gorra de 5 paneles para personalizar con logo - ADL\",\"isPartOf\":{\"@id\":\"https:\/\/adl-regalosempresa.com\/tiendaonline\/#website\"},\"primaryImageOfPage\":{\"@id\":\"https:\/\/adl-regalosempresa.com\/tiendaonline\/articulos\/merchandising\/gorra-de-5-paneles-para-personalizar-con-logo-4\/#primaryimage\"},\"image\":{\"@id\":\"https:\/\/adl-regalosempresa.com\/tiendaonline\/articulos\/merchandising\/gorra-de-5-paneles-para-personalizar-con-logo-4\/#primaryimage\"},\"thumbnailUrl\":\"https:\/\/adl-regalosempresa.com\/tiendaonline\/wp-content\/uploads\/2022\/06\/38677010.jpg\",\"datePublished\":\"2026-03-24T05:44:05+00:00\",\"dateModified\":\"2026-04-18T08:44:11+00:00\",\"description\":\"Art\u00edculo de merchandising Gorra de 5 paneles \\\"Doyle\\\". La gorra Doyle de 5 paneles: un dise\u00f1o atemporal para ampliar tu colecci\u00f3n de prendas para la cabeza. Con su visera precurvada, esta gorra combina la est\u00e9tica cl\u00e1sica con la protecci\u00f3n solar esencial. Los ojales bordados de la gorra ofrecen una ventilaci\u00f3n \u00f3ptima, manteni\u00e9ndote fresco y c\u00f3modo durante tus actividades al aire libre. Con una circunferencia de cabeza de 58 cm, garantiza un ajuste a medida para una gran variedad de tama\u00f1os, el cierre de hebilla met\u00e1lica permite un ajuste f\u00e1cil y seguro. Fabricada en sarga de algod\u00f3n cepillado pesado de 260 g\/m\u00b2.\",\"breadcrumb\":{\"@id\":\"https:\/\/adl-regalosempresa.com\/tiendaonline\/articulos\/merchandising\/gorra-de-5-paneles-para-personalizar-con-logo-4\/#breadcrumb\"},\"inLanguage\":\"es\",\"potentialAction\":[{\"@type\":\"ReadAction\",\"target\":[\"https:\/\/adl-regalosempresa.com\/tiendaonline\/articulos\/merchandising\/gorra-de-5-paneles-para-personalizar-con-logo-4\/\"]}]},{\"@type\":\"ImageObject\",\"inLanguage\":\"es\",\"@id\":\"https:\/\/adl-regalosempresa.com\/tiendaonline\/articulos\/merchandising\/gorra-de-5-paneles-para-personalizar-con-logo-4\/#primaryimage\",\"url\":\"https:\/\/adl-regalosempresa.com\/tiendaonline\/wp-content\/uploads\/2022\/06\/38677010.jpg\",\"contentUrl\":\"https:\/\/adl-regalosempresa.com\/tiendaonline\/wp-content\/uploads\/2022\/06\/38677010.jpg\",\"width\":1600,\"height\":1600,\"caption\":\"Gorra de 5 paneles \\\"Doyle\\\"\"},{\"@type\":\"BreadcrumbList\",\"@id\":\"https:\/\/adl-regalosempresa.com\/tiendaonline\/articulos\/merchandising\/gorra-de-5-paneles-para-personalizar-con-logo-4\/#breadcrumb\",\"itemListElement\":[{\"@type\":\"ListItem\",\"position\":1,\"name\":\"Portada\",\"item\":\"https:\/\/adl-regalosempresa.com\/tiendaonline\/\"},{\"@type\":\"ListItem\",\"position\":2,\"name\":\"Tienda\",\"item\":\"https:\/\/adl-regalosempresa.com\/tiendaonline\/tienda\/\"},{\"@type\":\"ListItem\",\"position\":3,\"name\":\"Gorra de 5 paneles para personalizar con logo\"}]},{\"@type\":\"WebSite\",\"@id\":\"https:\/\/adl-regalosempresa.com\/tiendaonline\/#website\",\"url\":\"https:\/\/adl-regalosempresa.com\/tiendaonline\/\",\"name\":\"ADL Comunicaci\u00f3n\",\"description\":\"Regalos de empresa\",\"publisher\":{\"@id\":\"https:\/\/adl-regalosempresa.com\/tiendaonline\/#organization\"},\"potentialAction\":[{\"@type\":\"SearchAction\",\"target\":{\"@type\":\"EntryPoint\",\"urlTemplate\":\"https:\/\/adl-regalosempresa.com\/tiendaonline\/?s={search_term_string}\"},\"query-input\":{\"@type\":\"PropertyValueSpecification\",\"valueRequired\":true,\"valueName\":\"search_term_string\"}}],\"inLanguage\":\"es\"},{\"@type\":\"Organization\",\"@id\":\"https:\/\/adl-regalosempresa.com\/tiendaonline\/#organization\",\"name\":\"ADL Comunicaci\u00f3n\",\"url\":\"https:\/\/adl-regalosempresa.com\/tiendaonline\/\",\"logo\":{\"@type\":\"ImageObject\",\"inLanguage\":\"es\",\"@id\":\"https:\/\/adl-regalosempresa.com\/tiendaonline\/#\/schema\/logo\/image\/\",\"url\":\"https:\/\/adl-regalosempresa.com\/tiendaonline\/wp-content\/uploads\/2017\/09\/logo-adl-wp.png\",\"contentUrl\":\"https:\/\/adl-regalosempresa.com\/tiendaonline\/wp-content\/uploads\/2017\/09\/logo-adl-wp.png\",\"width\":407,\"height\":185,\"caption\":\"ADL Comunicaci\u00f3n\"},\"image\":{\"@id\":\"https:\/\/adl-regalosempresa.com\/tiendaonline\/#\/schema\/logo\/image\/\"}}]}<\/script>\n<!-- \/ Yoast SEO plugin. -->","yoast_head_json":{"title":"Merchandising Gorra de 5 paneles para personalizar con logo - ADL","description":"Art\u00edculo de merchandising Gorra de 5 paneles \"Doyle\". La gorra Doyle de 5 paneles: un dise\u00f1o atemporal para ampliar tu colecci\u00f3n de prendas para la cabeza. Con su visera precurvada, esta gorra combina la est\u00e9tica cl\u00e1sica con la protecci\u00f3n solar esencial. Los ojales bordados de la gorra ofrecen una ventilaci\u00f3n \u00f3ptima, manteni\u00e9ndote fresco y c\u00f3modo durante tus actividades al aire libre. Con una circunferencia de cabeza de 58 cm, garantiza un ajuste a medida para una gran variedad de tama\u00f1os, el cierre de hebilla met\u00e1lica permite un ajuste f\u00e1cil y seguro. Fabricada en sarga de algod\u00f3n cepillado pesado de 260 g\/m\u00b2.","robots":{"index":"index","follow":"follow","max-snippet":"max-snippet:-1","max-image-preview":"max-image-preview:large","max-video-preview":"max-video-preview:-1"},"canonical":"https:\/\/adl-regalosempresa.com\/tiendaonline\/articulos\/merchandising\/gorra-de-5-paneles-para-personalizar-con-logo-4\/","og_locale":"es_ES","og_type":"article","og_title":"Merchandising Gorra de 5 paneles para personalizar con logo - ADL","og_description":"Art\u00edculo de merchandising Gorra de 5 paneles \"Doyle\". La gorra Doyle de 5 paneles: un dise\u00f1o atemporal para ampliar tu colecci\u00f3n de prendas para la cabeza. Con su visera precurvada, esta gorra combina la est\u00e9tica cl\u00e1sica con la protecci\u00f3n solar esencial. Los ojales bordados de la gorra ofrecen una ventilaci\u00f3n \u00f3ptima, manteni\u00e9ndote fresco y c\u00f3modo durante tus actividades al aire libre. Con una circunferencia de cabeza de 58 cm, garantiza un ajuste a medida para una gran variedad de tama\u00f1os, el cierre de hebilla met\u00e1lica permite un ajuste f\u00e1cil y seguro. Fabricada en sarga de algod\u00f3n cepillado pesado de 260 g\/m\u00b2.","og_url":"https:\/\/adl-regalosempresa.com\/tiendaonline\/articulos\/merchandising\/gorra-de-5-paneles-para-personalizar-con-logo-4\/","og_site_name":"ADL Comunicaci\u00f3n","article_modified_time":"2026-04-18T08:44:11+00:00","og_image":[{"width":1600,"height":1600,"url":"https:\/\/adl-regalosempresa.com\/tiendaonline\/wp-content\/uploads\/2022\/06\/38677010.jpg","type":"image\/jpeg"}],"twitter_card":"summary_large_image","twitter_title":"Merchandising Gorra de 5 paneles para personalizar con logo - ADL","twitter_misc":{"Tiempo de lectura":"1 minuto"},"schema":{"@context":"https:\/\/schema.org","@graph":[{"@type":"WebPage","@id":"https:\/\/adl-regalosempresa.com\/tiendaonline\/articulos\/merchandising\/gorra-de-5-paneles-para-personalizar-con-logo-4\/","url":"https:\/\/adl-regalosempresa.com\/tiendaonline\/articulos\/merchandising\/gorra-de-5-paneles-para-personalizar-con-logo-4\/","name":"Merchandising Gorra de 5 paneles para personalizar con logo - ADL","isPartOf":{"@id":"https:\/\/adl-regalosempresa.com\/tiendaonline\/#website"},"primaryImageOfPage":{"@id":"https:\/\/adl-regalosempresa.com\/tiendaonline\/articulos\/merchandising\/gorra-de-5-paneles-para-personalizar-con-logo-4\/#primaryimage"},"image":{"@id":"https:\/\/adl-regalosempresa.com\/tiendaonline\/articulos\/merchandising\/gorra-de-5-paneles-para-personalizar-con-logo-4\/#primaryimage"},"thumbnailUrl":"https:\/\/adl-regalosempresa.com\/tiendaonline\/wp-content\/uploads\/2022\/06\/38677010.jpg","datePublished":"2026-03-24T05:44:05+00:00","dateModified":"2026-04-18T08:44:11+00:00","description":"Art\u00edculo de merchandising Gorra de 5 paneles \"Doyle\". La gorra Doyle de 5 paneles: un dise\u00f1o atemporal para ampliar tu colecci\u00f3n de prendas para la cabeza. Con su visera precurvada, esta gorra combina la est\u00e9tica cl\u00e1sica con la protecci\u00f3n solar esencial. Los ojales bordados de la gorra ofrecen una ventilaci\u00f3n \u00f3ptima, manteni\u00e9ndote fresco y c\u00f3modo durante tus actividades al aire libre. Con una circunferencia de cabeza de 58 cm, garantiza un ajuste a medida para una gran variedad de tama\u00f1os, el cierre de hebilla met\u00e1lica permite un ajuste f\u00e1cil y seguro. Fabricada en sarga de algod\u00f3n cepillado pesado de 260 g\/m\u00b2.","breadcrumb":{"@id":"https:\/\/adl-regalosempresa.com\/tiendaonline\/articulos\/merchandising\/gorra-de-5-paneles-para-personalizar-con-logo-4\/#breadcrumb"},"inLanguage":"es","potentialAction":[{"@type":"ReadAction","target":["https:\/\/adl-regalosempresa.com\/tiendaonline\/articulos\/merchandising\/gorra-de-5-paneles-para-personalizar-con-logo-4\/"]}]},{"@type":"ImageObject","inLanguage":"es","@id":"https:\/\/adl-regalosempresa.com\/tiendaonline\/articulos\/merchandising\/gorra-de-5-paneles-para-personalizar-con-logo-4\/#primaryimage","url":"https:\/\/adl-regalosempresa.com\/tiendaonline\/wp-content\/uploads\/2022\/06\/38677010.jpg","contentUrl":"https:\/\/adl-regalosempresa.com\/tiendaonline\/wp-content\/uploads\/2022\/06\/38677010.jpg","width":1600,"height":1600,"caption":"Gorra de 5 paneles \"Doyle\""},{"@type":"BreadcrumbList","@id":"https:\/\/adl-regalosempresa.com\/tiendaonline\/articulos\/merchandising\/gorra-de-5-paneles-para-personalizar-con-logo-4\/#breadcrumb","itemListElement":[{"@type":"ListItem","position":1,"name":"Portada","item":"https:\/\/adl-regalosempresa.com\/tiendaonline\/"},{"@type":"ListItem","position":2,"name":"Tienda","item":"https:\/\/adl-regalosempresa.com\/tiendaonline\/tienda\/"},{"@type":"ListItem","position":3,"name":"Gorra de 5 paneles para personalizar con logo"}]},{"@type":"WebSite","@id":"https:\/\/adl-regalosempresa.com\/tiendaonline\/#website","url":"https:\/\/adl-regalosempresa.com\/tiendaonline\/","name":"ADL Comunicaci\u00f3n","description":"Regalos de empresa","publisher":{"@id":"https:\/\/adl-regalosempresa.com\/tiendaonline\/#organization"},"potentialAction":[{"@type":"SearchAction","target":{"@type":"EntryPoint","urlTemplate":"https:\/\/adl-regalosempresa.com\/tiendaonline\/?s={search_term_string}"},"query-input":{"@type":"PropertyValueSpecification","valueRequired":true,"valueName":"search_term_string"}}],"inLanguage":"es"},{"@type":"Organization","@id":"https:\/\/adl-regalosempresa.com\/tiendaonline\/#organization","name":"ADL Comunicaci\u00f3n","url":"https:\/\/adl-regalosempresa.com\/tiendaonline\/","logo":{"@type":"ImageObject","inLanguage":"es","@id":"https:\/\/adl-regalosempresa.com\/tiendaonline\/#\/schema\/logo\/image\/","url":"https:\/\/adl-regalosempresa.com\/tiendaonline\/wp-content\/uploads\/2017\/09\/logo-adl-wp.png","contentUrl":"https:\/\/adl-regalosempresa.com\/tiendaonline\/wp-content\/uploads\/2017\/09\/logo-adl-wp.png","width":407,"height":185,"caption":"ADL Comunicaci\u00f3n"},"image":{"@id":"https:\/\/adl-regalosempresa.com\/tiendaonline\/#\/schema\/logo\/image\/"}}]}},"_links":{"self":[{"href":"https:\/\/adl-regalosempresa.com\/tiendaonline\/wp-json\/wp\/v2\/product\/107980","targetHints":{"allow":["GET"]}}],"collection":[{"href":"https:\/\/adl-regalosempresa.com\/tiendaonline\/wp-json\/wp\/v2\/product"}],"about":[{"href":"https:\/\/adl-regalosempresa.com\/tiendaonline\/wp-json\/wp\/v2\/types\/product"}],"wp:featuredmedia":[{"embeddable":true,"href":"https:\/\/adl-regalosempresa.com\/tiendaonline\/wp-json\/wp\/v2\/media\/107982"}],"wp:attachment":[{"href":"https:\/\/adl-regalosempresa.com\/tiendaonline\/wp-json\/wp\/v2\/media?parent=107980"}],"wp:term":[{"taxonomy":"product_brand","embeddable":true,"href":"https:\/\/adl-regalosempresa.com\/tiendaonline\/wp-json\/wp\/v2\/product_brand?post=107980"},{"taxonomy":"product_cat","embeddable":true,"href":"https:\/\/adl-regalosempresa.com\/tiendaonline\/wp-json\/wp\/v2\/product_cat?post=107980"},{"taxonomy":"product_tag","embeddable":true,"href":"https:\/\/adl-regalosempresa.com\/tiendaonline\/wp-json\/wp\/v2\/product_tag?post=107980"}],"curies":[{"name":"wp","href":"https:\/\/api.w.org\/{rel}","templated":true}]}}