{"id":106229,"date":"2026-03-24T05:40:25","date_gmt":"2026-03-24T05:40:25","guid":{"rendered":"https:\/\/adl-regalosempresa.com\/tiendaonline\/articulos\/merchandising\/bidon-deportivo-con-tapa-dome-de-650-ml-h2o-active-para-personalizar-2\/"},"modified":"2026-03-24T09:01:51","modified_gmt":"2026-03-24T09:01:51","slug":"bidon-deportivo-con-tapa-dome-de-650-ml-h2o-active-para-personalizar-con-logo-2","status":"publish","type":"product","link":"https:\/\/adl-regalosempresa.com\/tiendaonline\/articulos\/merchandising\/bidon-deportivo-con-tapa-dome-de-650-ml-h2o-active-para-personalizar-con-logo-2\/","title":{"rendered":"Bid\u00f3n deportivo con tapa Dome de 650\u00a0ml H2O Active\u00ae  para personalizar con logo"},"content":{"rendered":"<p>Bid\u00f3n de pared simple con dise\u00f1o ergon\u00f3mico. El bid\u00f3n est\u00e1 hecho de Prevented Ocean Plastic. El pl\u00e1stico se recolecta dentro de los 50 km de una costa oce\u00e1nica o una v\u00eda fluvial importante que desemboca en el oc\u00e9ano. Esto luego se clasifica y se transforma en pl\u00e1stico reciclado de alta calidad y apto para alimentos. Cuenta con una tapa a prueba de derrames con pico push-pull. La capacidad de volumen es de 650 ml. Mezcla y combina colores para crear tu bid\u00f3n perfecto. Cont\u00e1ctenos para opciones de color adicionales.Fabricado en el Reino Unido. Embalado en una bolsa casera compostable. Debido a la naturaleza del material reciclado, puede haber algunas peque\u00f1as marcas en el cuerpo de el bid\u00f3n.<\/p>\n","protected":false},"excerpt":{"rendered":"<p><strong>Descuentos por cantidades<\/strong><br \/>&#8211; a partir de 100 unidades: 3,93 \u20ac\/ud<br \/>&#8211; a partir de 250 unidades: 3,77 \u20ac\/ud<br \/>&#8211; a partir de 500 unidades: 3,71 \u20ac\/ud<\/p>\n<p>Para cantidades superiores a las aqu\u00ed indicadas, no dudes en ponerte en contacto con nuestro departamento comercial o <a href='https:\/\/adl-regalosempresa.com\/tiendaonline\/solicitud-presupuesto\/'>pedirnos presupuesto personalizado<\/a>, ajustaremos el presupuesto a tus necesidades.<\/p>\n","protected":false},"featured_media":106233,"template":"","meta":{"_kad_post_transparent":"","_kad_post_title":"","_kad_post_layout":"","_kad_post_sidebar_id":"","_kad_post_content_style":"","_kad_post_vertical_padding":"","_kad_post_feature":"","_kad_post_feature_position":"","_kad_post_header":false,"_kad_post_footer":false,"_kad_post_classname":""},"product_brand":[],"product_cat":[3805,3372],"product_tag":[],"class_list":{"0":"post-106229","1":"product","2":"type-product","3":"status-publish","4":"has-post-thumbnail","6":"product_cat-bidones-deportivos","7":"product_cat-articulos-para-bebidas","8":"pa_alto-223-cm","9":"pa_color-azul","10":"pa_color-azul-real-rojo","11":"pa_color-azul-blanco","12":"pa_color-azul-negro-intenso","13":"pa_color-blanco-marfil-azul","14":"pa_color-blanco-marfil-negro-intenso","15":"pa_color-blanco-marfil-rojo","16":"pa_color-carbon-amarillo","17":"pa_color-carbon-aqua","18":"pa_color-carbon-azul-real","19":"pa_color-carbon-blanco","20":"pa_color-carbon-magenta","21":"pa_color-carbon-morado","22":"pa_color-carbon-naranja","23":"pa_color-carbon-negro-intenso","24":"pa_color-carbon-rojo","25":"pa_color-carbon-verde-brillante","26":"pa_color-carbon-verde-lima","27":"pa_color-morado","28":"pa_color-naranja","29":"pa_color-rojo","30":"pa_color-transparente-azul","31":"pa_color-transparente-azul-aqua","32":"pa_color-transparente-blanco","33":"pa_color-transparente-morado","34":"pa_color-transparente-negro-intenso","35":"pa_color-transparente-rojo","36":"pa_color-simple-azul","37":"pa_color-simple-blanco","38":"pa_color-simple-gris","39":"pa_color-simple-negro-intenso","40":"pa_color-simple-rojo","41":"pa_diametro-735-cm","42":"pa_marca-unbranded","43":"pa_material-plastico-pcr-plastico-pp-plastico-tpe","44":"pa_peso-78-gr","46":"first","47":"instock","48":"taxable","49":"shipping-taxable","50":"purchasable","51":"product-type-variable","52":"entry","53":"content-bg","54":"loop-entry"},"yoast_head":"<!-- This site is optimized with the Yoast SEO plugin v26.3 - https:\/\/yoast.com\/wordpress\/plugins\/seo\/ -->\n<title>Merchandising Bid\u00f3n deportivo con tapa Dome de 650\u00a0ml H2O Active\u00ae para personalizar con logo - ADL<\/title>\n<meta name=\"description\" content=\"Art\u00edculo de merchandising Bid\u00f3n deportivo con tapa Dome de 650\u00a0ml H2O Active\u00ae &quot;Eco Base&quot;. Bid\u00f3n de pared simple con dise\u00f1o ergon\u00f3mico. El bid\u00f3n est\u00e1 hecho de Prevented Ocean Plastic. El pl\u00e1stico se recolecta dentro de los 50 km de una costa oce\u00e1nica o una v\u00eda fluvial importante que desemboca en el oc\u00e9ano. Esto luego se clasifica y se transforma en pl\u00e1stico reciclado de alta calidad y apto para alimentos. Cuenta con una tapa a prueba de derrames con pico push-pull. La capacidad de volumen es de 650 ml. Mezcla y combina colores para crear tu bid\u00f3n perfecto. Cont\u00e1ctenos para opciones de color adicionales.Fabricado en el Reino Unido. Embalado en una bolsa casera compostable. Debido a la naturaleza del material reciclado, puede haber algunas peque\u00f1as marcas en el cuerpo de el bid\u00f3n.\" \/>\n<meta name=\"robots\" content=\"index, follow, max-snippet:-1, max-image-preview:large, max-video-preview:-1\" \/>\n<link rel=\"canonical\" href=\"https:\/\/adl-regalosempresa.com\/tiendaonline\/articulos\/merchandising\/bidon-deportivo-con-tapa-dome-de-650-ml-h2o-active-para-personalizar-con-logo-2\/\" \/>\n<meta property=\"og:locale\" content=\"es_ES\" \/>\n<meta property=\"og:type\" content=\"article\" \/>\n<meta property=\"og:title\" content=\"Merchandising Bid\u00f3n deportivo con tapa Dome de 650\u00a0ml H2O Active\u00ae para personalizar con logo - ADL\" \/>\n<meta property=\"og:description\" content=\"Art\u00edculo de merchandising Bid\u00f3n deportivo con tapa Dome de 650\u00a0ml H2O Active\u00ae &quot;Eco Base&quot;. Bid\u00f3n de pared simple con dise\u00f1o ergon\u00f3mico. El bid\u00f3n est\u00e1 hecho de Prevented Ocean Plastic. El pl\u00e1stico se recolecta dentro de los 50 km de una costa oce\u00e1nica o una v\u00eda fluvial importante que desemboca en el oc\u00e9ano. Esto luego se clasifica y se transforma en pl\u00e1stico reciclado de alta calidad y apto para alimentos. Cuenta con una tapa a prueba de derrames con pico push-pull. La capacidad de volumen es de 650 ml. Mezcla y combina colores para crear tu bid\u00f3n perfecto. Cont\u00e1ctenos para opciones de color adicionales.Fabricado en el Reino Unido. Embalado en una bolsa casera compostable. Debido a la naturaleza del material reciclado, puede haber algunas peque\u00f1as marcas en el cuerpo de el bid\u00f3n.\" \/>\n<meta property=\"og:url\" content=\"https:\/\/adl-regalosempresa.com\/tiendaonline\/articulos\/merchandising\/bidon-deportivo-con-tapa-dome-de-650-ml-h2o-active-para-personalizar-con-logo-2\/\" \/>\n<meta property=\"og:site_name\" content=\"ADL Comunicaci\u00f3n\" \/>\n<meta property=\"article:modified_time\" content=\"2026-03-24T09:01:51+00:00\" \/>\n<meta property=\"og:image\" content=\"https:\/\/adl-regalosempresa.com\/tiendaonline\/wp-content\/uploads\/2022\/06\/21009800.jpg\" \/>\n\t<meta property=\"og:image:width\" content=\"1600\" \/>\n\t<meta property=\"og:image:height\" content=\"1600\" \/>\n\t<meta property=\"og:image:type\" content=\"image\/jpeg\" \/>\n<meta name=\"twitter:card\" content=\"summary_large_image\" \/>\n<meta name=\"twitter:title\" content=\"Merchandising Bid\u00f3n deportivo con tapa Dome de 650\u00a0ml H2O Active\u00ae para personalizar con logo - ADL\" \/>\n<meta name=\"twitter:label1\" content=\"Tiempo de lectura\" \/>\n\t<meta name=\"twitter:data1\" content=\"1 minuto\" \/>\n<script type=\"application\/ld+json\" class=\"yoast-schema-graph\">{\"@context\":\"https:\/\/schema.org\",\"@graph\":[{\"@type\":\"WebPage\",\"@id\":\"https:\/\/adl-regalosempresa.com\/tiendaonline\/articulos\/merchandising\/bidon-deportivo-con-tapa-dome-de-650-ml-h2o-active-para-personalizar-con-logo-2\/\",\"url\":\"https:\/\/adl-regalosempresa.com\/tiendaonline\/articulos\/merchandising\/bidon-deportivo-con-tapa-dome-de-650-ml-h2o-active-para-personalizar-con-logo-2\/\",\"name\":\"Merchandising Bid\u00f3n deportivo con tapa Dome de 650\u00a0ml H2O Active\u00ae para personalizar con logo - ADL\",\"isPartOf\":{\"@id\":\"https:\/\/adl-regalosempresa.com\/tiendaonline\/#website\"},\"primaryImageOfPage\":{\"@id\":\"https:\/\/adl-regalosempresa.com\/tiendaonline\/articulos\/merchandising\/bidon-deportivo-con-tapa-dome-de-650-ml-h2o-active-para-personalizar-con-logo-2\/#primaryimage\"},\"image\":{\"@id\":\"https:\/\/adl-regalosempresa.com\/tiendaonline\/articulos\/merchandising\/bidon-deportivo-con-tapa-dome-de-650-ml-h2o-active-para-personalizar-con-logo-2\/#primaryimage\"},\"thumbnailUrl\":\"https:\/\/adl-regalosempresa.com\/tiendaonline\/wp-content\/uploads\/2022\/06\/21009800.jpg\",\"datePublished\":\"2026-03-24T05:40:25+00:00\",\"dateModified\":\"2026-03-24T09:01:51+00:00\",\"description\":\"Art\u00edculo de merchandising Bid\u00f3n deportivo con tapa Dome de 650\u00a0ml H2O Active\u00ae \\\"Eco Base\\\". Bid\u00f3n de pared simple con dise\u00f1o ergon\u00f3mico. El bid\u00f3n est\u00e1 hecho de Prevented Ocean Plastic. El pl\u00e1stico se recolecta dentro de los 50 km de una costa oce\u00e1nica o una v\u00eda fluvial importante que desemboca en el oc\u00e9ano. Esto luego se clasifica y se transforma en pl\u00e1stico reciclado de alta calidad y apto para alimentos. Cuenta con una tapa a prueba de derrames con pico push-pull. La capacidad de volumen es de 650 ml. Mezcla y combina colores para crear tu bid\u00f3n perfecto. Cont\u00e1ctenos para opciones de color adicionales.Fabricado en el Reino Unido. Embalado en una bolsa casera compostable. Debido a la naturaleza del material reciclado, puede haber algunas peque\u00f1as marcas en el cuerpo de el bid\u00f3n.\",\"breadcrumb\":{\"@id\":\"https:\/\/adl-regalosempresa.com\/tiendaonline\/articulos\/merchandising\/bidon-deportivo-con-tapa-dome-de-650-ml-h2o-active-para-personalizar-con-logo-2\/#breadcrumb\"},\"inLanguage\":\"es\",\"potentialAction\":[{\"@type\":\"ReadAction\",\"target\":[\"https:\/\/adl-regalosempresa.com\/tiendaonline\/articulos\/merchandising\/bidon-deportivo-con-tapa-dome-de-650-ml-h2o-active-para-personalizar-con-logo-2\/\"]}]},{\"@type\":\"ImageObject\",\"inLanguage\":\"es\",\"@id\":\"https:\/\/adl-regalosempresa.com\/tiendaonline\/articulos\/merchandising\/bidon-deportivo-con-tapa-dome-de-650-ml-h2o-active-para-personalizar-con-logo-2\/#primaryimage\",\"url\":\"https:\/\/adl-regalosempresa.com\/tiendaonline\/wp-content\/uploads\/2022\/06\/21009800.jpg\",\"contentUrl\":\"https:\/\/adl-regalosempresa.com\/tiendaonline\/wp-content\/uploads\/2022\/06\/21009800.jpg\",\"width\":1600,\"height\":1600,\"caption\":\"Bid\u00f3n deportivo con tapa Dome de 650\u00a0ml H2O Active\u00ae \\\"Eco Base\\\"\"},{\"@type\":\"BreadcrumbList\",\"@id\":\"https:\/\/adl-regalosempresa.com\/tiendaonline\/articulos\/merchandising\/bidon-deportivo-con-tapa-dome-de-650-ml-h2o-active-para-personalizar-con-logo-2\/#breadcrumb\",\"itemListElement\":[{\"@type\":\"ListItem\",\"position\":1,\"name\":\"Portada\",\"item\":\"https:\/\/adl-regalosempresa.com\/tiendaonline\/\"},{\"@type\":\"ListItem\",\"position\":2,\"name\":\"Tienda\",\"item\":\"https:\/\/adl-regalosempresa.com\/tiendaonline\/tienda\/\"},{\"@type\":\"ListItem\",\"position\":3,\"name\":\"Bid\u00f3n deportivo con tapa Dome de 650\u00a0ml H2O Active\u00ae para personalizar con logo\"}]},{\"@type\":\"WebSite\",\"@id\":\"https:\/\/adl-regalosempresa.com\/tiendaonline\/#website\",\"url\":\"https:\/\/adl-regalosempresa.com\/tiendaonline\/\",\"name\":\"ADL Comunicaci\u00f3n\",\"description\":\"Regalos de empresa\",\"publisher\":{\"@id\":\"https:\/\/adl-regalosempresa.com\/tiendaonline\/#organization\"},\"potentialAction\":[{\"@type\":\"SearchAction\",\"target\":{\"@type\":\"EntryPoint\",\"urlTemplate\":\"https:\/\/adl-regalosempresa.com\/tiendaonline\/?s={search_term_string}\"},\"query-input\":{\"@type\":\"PropertyValueSpecification\",\"valueRequired\":true,\"valueName\":\"search_term_string\"}}],\"inLanguage\":\"es\"},{\"@type\":\"Organization\",\"@id\":\"https:\/\/adl-regalosempresa.com\/tiendaonline\/#organization\",\"name\":\"ADL Comunicaci\u00f3n\",\"url\":\"https:\/\/adl-regalosempresa.com\/tiendaonline\/\",\"logo\":{\"@type\":\"ImageObject\",\"inLanguage\":\"es\",\"@id\":\"https:\/\/adl-regalosempresa.com\/tiendaonline\/#\/schema\/logo\/image\/\",\"url\":\"https:\/\/adl-regalosempresa.com\/tiendaonline\/wp-content\/uploads\/2017\/09\/logo-adl-wp.png\",\"contentUrl\":\"https:\/\/adl-regalosempresa.com\/tiendaonline\/wp-content\/uploads\/2017\/09\/logo-adl-wp.png\",\"width\":407,\"height\":185,\"caption\":\"ADL Comunicaci\u00f3n\"},\"image\":{\"@id\":\"https:\/\/adl-regalosempresa.com\/tiendaonline\/#\/schema\/logo\/image\/\"}}]}<\/script>\n<!-- \/ Yoast SEO plugin. -->","yoast_head_json":{"title":"Merchandising Bid\u00f3n deportivo con tapa Dome de 650\u00a0ml H2O Active\u00ae para personalizar con logo - ADL","description":"Art\u00edculo de merchandising Bid\u00f3n deportivo con tapa Dome de 650\u00a0ml H2O Active\u00ae \"Eco Base\". Bid\u00f3n de pared simple con dise\u00f1o ergon\u00f3mico. El bid\u00f3n est\u00e1 hecho de Prevented Ocean Plastic. El pl\u00e1stico se recolecta dentro de los 50 km de una costa oce\u00e1nica o una v\u00eda fluvial importante que desemboca en el oc\u00e9ano. Esto luego se clasifica y se transforma en pl\u00e1stico reciclado de alta calidad y apto para alimentos. Cuenta con una tapa a prueba de derrames con pico push-pull. La capacidad de volumen es de 650 ml. Mezcla y combina colores para crear tu bid\u00f3n perfecto. Cont\u00e1ctenos para opciones de color adicionales.Fabricado en el Reino Unido. Embalado en una bolsa casera compostable. Debido a la naturaleza del material reciclado, puede haber algunas peque\u00f1as marcas en el cuerpo de el bid\u00f3n.","robots":{"index":"index","follow":"follow","max-snippet":"max-snippet:-1","max-image-preview":"max-image-preview:large","max-video-preview":"max-video-preview:-1"},"canonical":"https:\/\/adl-regalosempresa.com\/tiendaonline\/articulos\/merchandising\/bidon-deportivo-con-tapa-dome-de-650-ml-h2o-active-para-personalizar-con-logo-2\/","og_locale":"es_ES","og_type":"article","og_title":"Merchandising Bid\u00f3n deportivo con tapa Dome de 650\u00a0ml H2O Active\u00ae para personalizar con logo - ADL","og_description":"Art\u00edculo de merchandising Bid\u00f3n deportivo con tapa Dome de 650\u00a0ml H2O Active\u00ae \"Eco Base\". Bid\u00f3n de pared simple con dise\u00f1o ergon\u00f3mico. El bid\u00f3n est\u00e1 hecho de Prevented Ocean Plastic. El pl\u00e1stico se recolecta dentro de los 50 km de una costa oce\u00e1nica o una v\u00eda fluvial importante que desemboca en el oc\u00e9ano. Esto luego se clasifica y se transforma en pl\u00e1stico reciclado de alta calidad y apto para alimentos. Cuenta con una tapa a prueba de derrames con pico push-pull. La capacidad de volumen es de 650 ml. Mezcla y combina colores para crear tu bid\u00f3n perfecto. Cont\u00e1ctenos para opciones de color adicionales.Fabricado en el Reino Unido. Embalado en una bolsa casera compostable. Debido a la naturaleza del material reciclado, puede haber algunas peque\u00f1as marcas en el cuerpo de el bid\u00f3n.","og_url":"https:\/\/adl-regalosempresa.com\/tiendaonline\/articulos\/merchandising\/bidon-deportivo-con-tapa-dome-de-650-ml-h2o-active-para-personalizar-con-logo-2\/","og_site_name":"ADL Comunicaci\u00f3n","article_modified_time":"2026-03-24T09:01:51+00:00","og_image":[{"width":1600,"height":1600,"url":"https:\/\/adl-regalosempresa.com\/tiendaonline\/wp-content\/uploads\/2022\/06\/21009800.jpg","type":"image\/jpeg"}],"twitter_card":"summary_large_image","twitter_title":"Merchandising Bid\u00f3n deportivo con tapa Dome de 650\u00a0ml H2O Active\u00ae para personalizar con logo - ADL","twitter_misc":{"Tiempo de lectura":"1 minuto"},"schema":{"@context":"https:\/\/schema.org","@graph":[{"@type":"WebPage","@id":"https:\/\/adl-regalosempresa.com\/tiendaonline\/articulos\/merchandising\/bidon-deportivo-con-tapa-dome-de-650-ml-h2o-active-para-personalizar-con-logo-2\/","url":"https:\/\/adl-regalosempresa.com\/tiendaonline\/articulos\/merchandising\/bidon-deportivo-con-tapa-dome-de-650-ml-h2o-active-para-personalizar-con-logo-2\/","name":"Merchandising Bid\u00f3n deportivo con tapa Dome de 650\u00a0ml H2O Active\u00ae para personalizar con logo - ADL","isPartOf":{"@id":"https:\/\/adl-regalosempresa.com\/tiendaonline\/#website"},"primaryImageOfPage":{"@id":"https:\/\/adl-regalosempresa.com\/tiendaonline\/articulos\/merchandising\/bidon-deportivo-con-tapa-dome-de-650-ml-h2o-active-para-personalizar-con-logo-2\/#primaryimage"},"image":{"@id":"https:\/\/adl-regalosempresa.com\/tiendaonline\/articulos\/merchandising\/bidon-deportivo-con-tapa-dome-de-650-ml-h2o-active-para-personalizar-con-logo-2\/#primaryimage"},"thumbnailUrl":"https:\/\/adl-regalosempresa.com\/tiendaonline\/wp-content\/uploads\/2022\/06\/21009800.jpg","datePublished":"2026-03-24T05:40:25+00:00","dateModified":"2026-03-24T09:01:51+00:00","description":"Art\u00edculo de merchandising Bid\u00f3n deportivo con tapa Dome de 650\u00a0ml H2O Active\u00ae \"Eco Base\". Bid\u00f3n de pared simple con dise\u00f1o ergon\u00f3mico. El bid\u00f3n est\u00e1 hecho de Prevented Ocean Plastic. El pl\u00e1stico se recolecta dentro de los 50 km de una costa oce\u00e1nica o una v\u00eda fluvial importante que desemboca en el oc\u00e9ano. Esto luego se clasifica y se transforma en pl\u00e1stico reciclado de alta calidad y apto para alimentos. Cuenta con una tapa a prueba de derrames con pico push-pull. La capacidad de volumen es de 650 ml. Mezcla y combina colores para crear tu bid\u00f3n perfecto. Cont\u00e1ctenos para opciones de color adicionales.Fabricado en el Reino Unido. Embalado en una bolsa casera compostable. Debido a la naturaleza del material reciclado, puede haber algunas peque\u00f1as marcas en el cuerpo de el bid\u00f3n.","breadcrumb":{"@id":"https:\/\/adl-regalosempresa.com\/tiendaonline\/articulos\/merchandising\/bidon-deportivo-con-tapa-dome-de-650-ml-h2o-active-para-personalizar-con-logo-2\/#breadcrumb"},"inLanguage":"es","potentialAction":[{"@type":"ReadAction","target":["https:\/\/adl-regalosempresa.com\/tiendaonline\/articulos\/merchandising\/bidon-deportivo-con-tapa-dome-de-650-ml-h2o-active-para-personalizar-con-logo-2\/"]}]},{"@type":"ImageObject","inLanguage":"es","@id":"https:\/\/adl-regalosempresa.com\/tiendaonline\/articulos\/merchandising\/bidon-deportivo-con-tapa-dome-de-650-ml-h2o-active-para-personalizar-con-logo-2\/#primaryimage","url":"https:\/\/adl-regalosempresa.com\/tiendaonline\/wp-content\/uploads\/2022\/06\/21009800.jpg","contentUrl":"https:\/\/adl-regalosempresa.com\/tiendaonline\/wp-content\/uploads\/2022\/06\/21009800.jpg","width":1600,"height":1600,"caption":"Bid\u00f3n deportivo con tapa Dome de 650\u00a0ml H2O Active\u00ae \"Eco Base\""},{"@type":"BreadcrumbList","@id":"https:\/\/adl-regalosempresa.com\/tiendaonline\/articulos\/merchandising\/bidon-deportivo-con-tapa-dome-de-650-ml-h2o-active-para-personalizar-con-logo-2\/#breadcrumb","itemListElement":[{"@type":"ListItem","position":1,"name":"Portada","item":"https:\/\/adl-regalosempresa.com\/tiendaonline\/"},{"@type":"ListItem","position":2,"name":"Tienda","item":"https:\/\/adl-regalosempresa.com\/tiendaonline\/tienda\/"},{"@type":"ListItem","position":3,"name":"Bid\u00f3n deportivo con tapa Dome de 650\u00a0ml H2O Active\u00ae para personalizar con logo"}]},{"@type":"WebSite","@id":"https:\/\/adl-regalosempresa.com\/tiendaonline\/#website","url":"https:\/\/adl-regalosempresa.com\/tiendaonline\/","name":"ADL Comunicaci\u00f3n","description":"Regalos de empresa","publisher":{"@id":"https:\/\/adl-regalosempresa.com\/tiendaonline\/#organization"},"potentialAction":[{"@type":"SearchAction","target":{"@type":"EntryPoint","urlTemplate":"https:\/\/adl-regalosempresa.com\/tiendaonline\/?s={search_term_string}"},"query-input":{"@type":"PropertyValueSpecification","valueRequired":true,"valueName":"search_term_string"}}],"inLanguage":"es"},{"@type":"Organization","@id":"https:\/\/adl-regalosempresa.com\/tiendaonline\/#organization","name":"ADL Comunicaci\u00f3n","url":"https:\/\/adl-regalosempresa.com\/tiendaonline\/","logo":{"@type":"ImageObject","inLanguage":"es","@id":"https:\/\/adl-regalosempresa.com\/tiendaonline\/#\/schema\/logo\/image\/","url":"https:\/\/adl-regalosempresa.com\/tiendaonline\/wp-content\/uploads\/2017\/09\/logo-adl-wp.png","contentUrl":"https:\/\/adl-regalosempresa.com\/tiendaonline\/wp-content\/uploads\/2017\/09\/logo-adl-wp.png","width":407,"height":185,"caption":"ADL Comunicaci\u00f3n"},"image":{"@id":"https:\/\/adl-regalosempresa.com\/tiendaonline\/#\/schema\/logo\/image\/"}}]}},"_links":{"self":[{"href":"https:\/\/adl-regalosempresa.com\/tiendaonline\/wp-json\/wp\/v2\/product\/106229","targetHints":{"allow":["GET"]}}],"collection":[{"href":"https:\/\/adl-regalosempresa.com\/tiendaonline\/wp-json\/wp\/v2\/product"}],"about":[{"href":"https:\/\/adl-regalosempresa.com\/tiendaonline\/wp-json\/wp\/v2\/types\/product"}],"wp:featuredmedia":[{"embeddable":true,"href":"https:\/\/adl-regalosempresa.com\/tiendaonline\/wp-json\/wp\/v2\/media\/106233"}],"wp:attachment":[{"href":"https:\/\/adl-regalosempresa.com\/tiendaonline\/wp-json\/wp\/v2\/media?parent=106229"}],"wp:term":[{"taxonomy":"product_brand","embeddable":true,"href":"https:\/\/adl-regalosempresa.com\/tiendaonline\/wp-json\/wp\/v2\/product_brand?post=106229"},{"taxonomy":"product_cat","embeddable":true,"href":"https:\/\/adl-regalosempresa.com\/tiendaonline\/wp-json\/wp\/v2\/product_cat?post=106229"},{"taxonomy":"product_tag","embeddable":true,"href":"https:\/\/adl-regalosempresa.com\/tiendaonline\/wp-json\/wp\/v2\/product_tag?post=106229"}],"curies":[{"name":"wp","href":"https:\/\/api.w.org\/{rel}","templated":true}]}}