{"id":104860,"date":"2022-11-16T04:14:05","date_gmt":"2022-11-16T04:14:05","guid":{"rendered":"https:\/\/adl-regalosempresa.com\/tiendaonline\/articulos\/merchandising\/chaqueta-aislante-plegable-con-capucha-para-hombre-para-personalizar\/"},"modified":"2026-04-20T05:18:21","modified_gmt":"2026-04-20T05:18:21","slug":"chaqueta-aislante-plegable-con-capucha-para-hombre-para-personalizar-con-logo","status":"publish","type":"product","link":"https:\/\/adl-regalosempresa.com\/tiendaonline\/articulos\/merchandising\/chaqueta-aislante-plegable-con-capucha-para-hombre-para-personalizar-con-logo\/","title":{"rendered":"Chaqueta aislante plegable con capucha para hombre  para personalizar con logo"},"content":{"rendered":"<p>Se puede plegar en el bolsillo izquierdo. Puerto de salida interior para dispositivos, con gu\u00eda de cable. Cord\u00f3n el\u00e1stico con topes ajustables. Bolsillos con cremallera. Pu\u00f1os el\u00e1sticos. El\u00e1stico en color contrastado. Mangas ergon\u00f3micas. Cremallera frontal de pl\u00e1stico en el centro. Cinta para colgar.<\/p>\n","protected":false},"excerpt":{"rendered":"<p><strong>Descuentos por cantidades<\/strong><br \/>&#8211; a partir de 5 unidades: 39,08 \u20ac\/ud<br \/>&#8211; a partir de 25 unidades: 39,08 \u20ac\/ud<br \/>&#8211; a partir de 50 unidades: 39,08 \u20ac\/ud<\/p>\n<p>Para cantidades superiores a las aqu\u00ed indicadas, no dudes en ponerte en contacto con nuestro departamento comercial o <a href='https:\/\/adl-regalosempresa.com\/tiendaonline\/solicitud-presupuesto\/'>pedirnos presupuesto personalizado<\/a>, ajustaremos el presupuesto a tus necesidades.<\/p>\n","protected":false},"featured_media":104862,"template":"","meta":{"_kad_post_transparent":"","_kad_post_title":"","_kad_post_layout":"","_kad_post_sidebar_id":"","_kad_post_content_style":"","_kad_post_vertical_padding":"","_kad_post_feature":"","_kad_post_feature_position":"","_kad_post_header":false,"_kad_post_footer":false,"_kad_post_classname":""},"product_brand":[],"product_cat":[5423,3649],"product_tag":[],"class_list":{"0":"post-104860","1":"product","2":"type-product","3":"status-publish","4":"has-post-thumbnail","6":"product_cat-chaquetas-ropa","7":"product_cat-ropa","8":"pa_color-azul","9":"pa_color-azul-marino","10":"pa_color-naranja","11":"pa_color-negro-intenso","12":"pa_color-rojo","13":"pa_color-simple-azul","14":"pa_color-simple-naranja","15":"pa_color-simple-negro-intenso","16":"pa_color-simple-rojo","17":"pa_genero-hombre","18":"pa_marca-elevate-life","19":"pa_material-tejido-dull-cire-de-poliester-380t-con-repelente-al-agua-y-acabado-a-prueba-de-golpes-100-nylon-38-g-m2-padding-filling-fake-down-insulation-100-poliester","20":"pa_talla-xs","21":"pa_talla-s","22":"pa_talla-m","23":"pa_talla-l","24":"pa_talla-xl","25":"pa_talla-xxl","27":"first","28":"onbackorder","29":"taxable","30":"shipping-taxable","31":"purchasable","32":"product-type-variable","33":"entry","34":"content-bg","35":"loop-entry"},"yoast_head":"<!-- This site is optimized with the Yoast SEO plugin v26.3 - https:\/\/yoast.com\/wordpress\/plugins\/seo\/ -->\n<title>Merchandising Chaqueta aislante plegable con capucha para hombre para personalizar con logo - ADL<\/title>\n<meta name=\"description\" content=\"Art\u00edculo de merchandising Chaqueta aislante plegable con capucha para hombre &quot;Silverton&quot;. Se puede plegar en el bolsillo izquierdo. Puerto de salida interior para dispositivos, con gu\u00eda de cable. Cord\u00f3n el\u00e1stico con topes ajustables. Bolsillos con cremallera. Pu\u00f1os el\u00e1sticos. El\u00e1stico en color contrastado. Mangas ergon\u00f3micas. Cremallera frontal de pl\u00e1stico en el centro. Cinta para colgar.\" \/>\n<meta name=\"robots\" content=\"index, follow, max-snippet:-1, max-image-preview:large, max-video-preview:-1\" \/>\n<link rel=\"canonical\" href=\"https:\/\/adl-regalosempresa.com\/tiendaonline\/articulos\/merchandising\/chaqueta-aislante-plegable-con-capucha-para-hombre-para-personalizar-con-logo\/\" \/>\n<meta property=\"og:locale\" content=\"es_ES\" \/>\n<meta property=\"og:type\" content=\"article\" \/>\n<meta property=\"og:title\" content=\"Merchandising Chaqueta aislante plegable con capucha para hombre para personalizar con logo - ADL\" \/>\n<meta property=\"og:description\" content=\"Art\u00edculo de merchandising Chaqueta aislante plegable con capucha para hombre &quot;Silverton&quot;. Se puede plegar en el bolsillo izquierdo. Puerto de salida interior para dispositivos, con gu\u00eda de cable. Cord\u00f3n el\u00e1stico con topes ajustables. Bolsillos con cremallera. Pu\u00f1os el\u00e1sticos. El\u00e1stico en color contrastado. Mangas ergon\u00f3micas. Cremallera frontal de pl\u00e1stico en el centro. Cinta para colgar.\" \/>\n<meta property=\"og:url\" content=\"https:\/\/adl-regalosempresa.com\/tiendaonline\/articulos\/merchandising\/chaqueta-aislante-plegable-con-capucha-para-hombre-para-personalizar-con-logo\/\" \/>\n<meta property=\"og:site_name\" content=\"ADL Comunicaci\u00f3n\" \/>\n<meta property=\"article:modified_time\" content=\"2026-04-20T05:18:21+00:00\" \/>\n<meta property=\"og:image\" content=\"https:\/\/adl-regalosempresa.com\/tiendaonline\/wp-content\/uploads\/2022\/06\/3933325.jpg\" \/>\n\t<meta property=\"og:image:width\" content=\"1600\" \/>\n\t<meta property=\"og:image:height\" content=\"1600\" \/>\n\t<meta property=\"og:image:type\" content=\"image\/jpeg\" \/>\n<meta name=\"twitter:card\" content=\"summary_large_image\" \/>\n<meta name=\"twitter:title\" content=\"Merchandising Chaqueta aislante plegable con capucha para hombre para personalizar con logo - ADL\" \/>\n<script type=\"application\/ld+json\" class=\"yoast-schema-graph\">{\"@context\":\"https:\/\/schema.org\",\"@graph\":[{\"@type\":\"WebPage\",\"@id\":\"https:\/\/adl-regalosempresa.com\/tiendaonline\/articulos\/merchandising\/chaqueta-aislante-plegable-con-capucha-para-hombre-para-personalizar-con-logo\/\",\"url\":\"https:\/\/adl-regalosempresa.com\/tiendaonline\/articulos\/merchandising\/chaqueta-aislante-plegable-con-capucha-para-hombre-para-personalizar-con-logo\/\",\"name\":\"Merchandising Chaqueta aislante plegable con capucha para hombre para personalizar con logo - ADL\",\"isPartOf\":{\"@id\":\"https:\/\/adl-regalosempresa.com\/tiendaonline\/#website\"},\"primaryImageOfPage\":{\"@id\":\"https:\/\/adl-regalosempresa.com\/tiendaonline\/articulos\/merchandising\/chaqueta-aislante-plegable-con-capucha-para-hombre-para-personalizar-con-logo\/#primaryimage\"},\"image\":{\"@id\":\"https:\/\/adl-regalosempresa.com\/tiendaonline\/articulos\/merchandising\/chaqueta-aislante-plegable-con-capucha-para-hombre-para-personalizar-con-logo\/#primaryimage\"},\"thumbnailUrl\":\"https:\/\/adl-regalosempresa.com\/tiendaonline\/wp-content\/uploads\/2022\/06\/3933325.jpg\",\"datePublished\":\"2022-11-16T04:14:05+00:00\",\"dateModified\":\"2026-04-20T05:18:21+00:00\",\"description\":\"Art\u00edculo de merchandising Chaqueta aislante plegable con capucha para hombre \\\"Silverton\\\". Se puede plegar en el bolsillo izquierdo. Puerto de salida interior para dispositivos, con gu\u00eda de cable. Cord\u00f3n el\u00e1stico con topes ajustables. Bolsillos con cremallera. Pu\u00f1os el\u00e1sticos. El\u00e1stico en color contrastado. Mangas ergon\u00f3micas. Cremallera frontal de pl\u00e1stico en el centro. Cinta para colgar.\",\"breadcrumb\":{\"@id\":\"https:\/\/adl-regalosempresa.com\/tiendaonline\/articulos\/merchandising\/chaqueta-aislante-plegable-con-capucha-para-hombre-para-personalizar-con-logo\/#breadcrumb\"},\"inLanguage\":\"es\",\"potentialAction\":[{\"@type\":\"ReadAction\",\"target\":[\"https:\/\/adl-regalosempresa.com\/tiendaonline\/articulos\/merchandising\/chaqueta-aislante-plegable-con-capucha-para-hombre-para-personalizar-con-logo\/\"]}]},{\"@type\":\"ImageObject\",\"inLanguage\":\"es\",\"@id\":\"https:\/\/adl-regalosempresa.com\/tiendaonline\/articulos\/merchandising\/chaqueta-aislante-plegable-con-capucha-para-hombre-para-personalizar-con-logo\/#primaryimage\",\"url\":\"https:\/\/adl-regalosempresa.com\/tiendaonline\/wp-content\/uploads\/2022\/06\/3933325.jpg\",\"contentUrl\":\"https:\/\/adl-regalosempresa.com\/tiendaonline\/wp-content\/uploads\/2022\/06\/3933325.jpg\",\"width\":1600,\"height\":1600,\"caption\":\"Chaqueta aislante plegable con capucha para hombre \\\"Silverton\\\"\"},{\"@type\":\"BreadcrumbList\",\"@id\":\"https:\/\/adl-regalosempresa.com\/tiendaonline\/articulos\/merchandising\/chaqueta-aislante-plegable-con-capucha-para-hombre-para-personalizar-con-logo\/#breadcrumb\",\"itemListElement\":[{\"@type\":\"ListItem\",\"position\":1,\"name\":\"Portada\",\"item\":\"https:\/\/adl-regalosempresa.com\/tiendaonline\/\"},{\"@type\":\"ListItem\",\"position\":2,\"name\":\"Tienda\",\"item\":\"https:\/\/adl-regalosempresa.com\/tiendaonline\/tienda\/\"},{\"@type\":\"ListItem\",\"position\":3,\"name\":\"Chaqueta aislante plegable con capucha para hombre para personalizar con logo\"}]},{\"@type\":\"WebSite\",\"@id\":\"https:\/\/adl-regalosempresa.com\/tiendaonline\/#website\",\"url\":\"https:\/\/adl-regalosempresa.com\/tiendaonline\/\",\"name\":\"ADL Comunicaci\u00f3n\",\"description\":\"Regalos de empresa\",\"publisher\":{\"@id\":\"https:\/\/adl-regalosempresa.com\/tiendaonline\/#organization\"},\"potentialAction\":[{\"@type\":\"SearchAction\",\"target\":{\"@type\":\"EntryPoint\",\"urlTemplate\":\"https:\/\/adl-regalosempresa.com\/tiendaonline\/?s={search_term_string}\"},\"query-input\":{\"@type\":\"PropertyValueSpecification\",\"valueRequired\":true,\"valueName\":\"search_term_string\"}}],\"inLanguage\":\"es\"},{\"@type\":\"Organization\",\"@id\":\"https:\/\/adl-regalosempresa.com\/tiendaonline\/#organization\",\"name\":\"ADL Comunicaci\u00f3n\",\"url\":\"https:\/\/adl-regalosempresa.com\/tiendaonline\/\",\"logo\":{\"@type\":\"ImageObject\",\"inLanguage\":\"es\",\"@id\":\"https:\/\/adl-regalosempresa.com\/tiendaonline\/#\/schema\/logo\/image\/\",\"url\":\"https:\/\/adl-regalosempresa.com\/tiendaonline\/wp-content\/uploads\/2017\/09\/logo-adl-wp.png\",\"contentUrl\":\"https:\/\/adl-regalosempresa.com\/tiendaonline\/wp-content\/uploads\/2017\/09\/logo-adl-wp.png\",\"width\":407,\"height\":185,\"caption\":\"ADL Comunicaci\u00f3n\"},\"image\":{\"@id\":\"https:\/\/adl-regalosempresa.com\/tiendaonline\/#\/schema\/logo\/image\/\"}}]}<\/script>\n<!-- \/ Yoast SEO plugin. -->","yoast_head_json":{"title":"Merchandising Chaqueta aislante plegable con capucha para hombre para personalizar con logo - ADL","description":"Art\u00edculo de merchandising Chaqueta aislante plegable con capucha para hombre \"Silverton\". Se puede plegar en el bolsillo izquierdo. Puerto de salida interior para dispositivos, con gu\u00eda de cable. Cord\u00f3n el\u00e1stico con topes ajustables. Bolsillos con cremallera. Pu\u00f1os el\u00e1sticos. El\u00e1stico en color contrastado. Mangas ergon\u00f3micas. Cremallera frontal de pl\u00e1stico en el centro. Cinta para colgar.","robots":{"index":"index","follow":"follow","max-snippet":"max-snippet:-1","max-image-preview":"max-image-preview:large","max-video-preview":"max-video-preview:-1"},"canonical":"https:\/\/adl-regalosempresa.com\/tiendaonline\/articulos\/merchandising\/chaqueta-aislante-plegable-con-capucha-para-hombre-para-personalizar-con-logo\/","og_locale":"es_ES","og_type":"article","og_title":"Merchandising Chaqueta aislante plegable con capucha para hombre para personalizar con logo - ADL","og_description":"Art\u00edculo de merchandising Chaqueta aislante plegable con capucha para hombre \"Silverton\". Se puede plegar en el bolsillo izquierdo. Puerto de salida interior para dispositivos, con gu\u00eda de cable. Cord\u00f3n el\u00e1stico con topes ajustables. Bolsillos con cremallera. Pu\u00f1os el\u00e1sticos. El\u00e1stico en color contrastado. Mangas ergon\u00f3micas. Cremallera frontal de pl\u00e1stico en el centro. Cinta para colgar.","og_url":"https:\/\/adl-regalosempresa.com\/tiendaonline\/articulos\/merchandising\/chaqueta-aislante-plegable-con-capucha-para-hombre-para-personalizar-con-logo\/","og_site_name":"ADL Comunicaci\u00f3n","article_modified_time":"2026-04-20T05:18:21+00:00","og_image":[{"width":1600,"height":1600,"url":"https:\/\/adl-regalosempresa.com\/tiendaonline\/wp-content\/uploads\/2022\/06\/3933325.jpg","type":"image\/jpeg"}],"twitter_card":"summary_large_image","twitter_title":"Merchandising Chaqueta aislante plegable con capucha para hombre para personalizar con logo - ADL","schema":{"@context":"https:\/\/schema.org","@graph":[{"@type":"WebPage","@id":"https:\/\/adl-regalosempresa.com\/tiendaonline\/articulos\/merchandising\/chaqueta-aislante-plegable-con-capucha-para-hombre-para-personalizar-con-logo\/","url":"https:\/\/adl-regalosempresa.com\/tiendaonline\/articulos\/merchandising\/chaqueta-aislante-plegable-con-capucha-para-hombre-para-personalizar-con-logo\/","name":"Merchandising Chaqueta aislante plegable con capucha para hombre para personalizar con logo - ADL","isPartOf":{"@id":"https:\/\/adl-regalosempresa.com\/tiendaonline\/#website"},"primaryImageOfPage":{"@id":"https:\/\/adl-regalosempresa.com\/tiendaonline\/articulos\/merchandising\/chaqueta-aislante-plegable-con-capucha-para-hombre-para-personalizar-con-logo\/#primaryimage"},"image":{"@id":"https:\/\/adl-regalosempresa.com\/tiendaonline\/articulos\/merchandising\/chaqueta-aislante-plegable-con-capucha-para-hombre-para-personalizar-con-logo\/#primaryimage"},"thumbnailUrl":"https:\/\/adl-regalosempresa.com\/tiendaonline\/wp-content\/uploads\/2022\/06\/3933325.jpg","datePublished":"2022-11-16T04:14:05+00:00","dateModified":"2026-04-20T05:18:21+00:00","description":"Art\u00edculo de merchandising Chaqueta aislante plegable con capucha para hombre \"Silverton\". Se puede plegar en el bolsillo izquierdo. Puerto de salida interior para dispositivos, con gu\u00eda de cable. Cord\u00f3n el\u00e1stico con topes ajustables. Bolsillos con cremallera. Pu\u00f1os el\u00e1sticos. El\u00e1stico en color contrastado. Mangas ergon\u00f3micas. Cremallera frontal de pl\u00e1stico en el centro. Cinta para colgar.","breadcrumb":{"@id":"https:\/\/adl-regalosempresa.com\/tiendaonline\/articulos\/merchandising\/chaqueta-aislante-plegable-con-capucha-para-hombre-para-personalizar-con-logo\/#breadcrumb"},"inLanguage":"es","potentialAction":[{"@type":"ReadAction","target":["https:\/\/adl-regalosempresa.com\/tiendaonline\/articulos\/merchandising\/chaqueta-aislante-plegable-con-capucha-para-hombre-para-personalizar-con-logo\/"]}]},{"@type":"ImageObject","inLanguage":"es","@id":"https:\/\/adl-regalosempresa.com\/tiendaonline\/articulos\/merchandising\/chaqueta-aislante-plegable-con-capucha-para-hombre-para-personalizar-con-logo\/#primaryimage","url":"https:\/\/adl-regalosempresa.com\/tiendaonline\/wp-content\/uploads\/2022\/06\/3933325.jpg","contentUrl":"https:\/\/adl-regalosempresa.com\/tiendaonline\/wp-content\/uploads\/2022\/06\/3933325.jpg","width":1600,"height":1600,"caption":"Chaqueta aislante plegable con capucha para hombre \"Silverton\""},{"@type":"BreadcrumbList","@id":"https:\/\/adl-regalosempresa.com\/tiendaonline\/articulos\/merchandising\/chaqueta-aislante-plegable-con-capucha-para-hombre-para-personalizar-con-logo\/#breadcrumb","itemListElement":[{"@type":"ListItem","position":1,"name":"Portada","item":"https:\/\/adl-regalosempresa.com\/tiendaonline\/"},{"@type":"ListItem","position":2,"name":"Tienda","item":"https:\/\/adl-regalosempresa.com\/tiendaonline\/tienda\/"},{"@type":"ListItem","position":3,"name":"Chaqueta aislante plegable con capucha para hombre para personalizar con logo"}]},{"@type":"WebSite","@id":"https:\/\/adl-regalosempresa.com\/tiendaonline\/#website","url":"https:\/\/adl-regalosempresa.com\/tiendaonline\/","name":"ADL Comunicaci\u00f3n","description":"Regalos de empresa","publisher":{"@id":"https:\/\/adl-regalosempresa.com\/tiendaonline\/#organization"},"potentialAction":[{"@type":"SearchAction","target":{"@type":"EntryPoint","urlTemplate":"https:\/\/adl-regalosempresa.com\/tiendaonline\/?s={search_term_string}"},"query-input":{"@type":"PropertyValueSpecification","valueRequired":true,"valueName":"search_term_string"}}],"inLanguage":"es"},{"@type":"Organization","@id":"https:\/\/adl-regalosempresa.com\/tiendaonline\/#organization","name":"ADL Comunicaci\u00f3n","url":"https:\/\/adl-regalosempresa.com\/tiendaonline\/","logo":{"@type":"ImageObject","inLanguage":"es","@id":"https:\/\/adl-regalosempresa.com\/tiendaonline\/#\/schema\/logo\/image\/","url":"https:\/\/adl-regalosempresa.com\/tiendaonline\/wp-content\/uploads\/2017\/09\/logo-adl-wp.png","contentUrl":"https:\/\/adl-regalosempresa.com\/tiendaonline\/wp-content\/uploads\/2017\/09\/logo-adl-wp.png","width":407,"height":185,"caption":"ADL Comunicaci\u00f3n"},"image":{"@id":"https:\/\/adl-regalosempresa.com\/tiendaonline\/#\/schema\/logo\/image\/"}}]}},"_links":{"self":[{"href":"https:\/\/adl-regalosempresa.com\/tiendaonline\/wp-json\/wp\/v2\/product\/104860","targetHints":{"allow":["GET"]}}],"collection":[{"href":"https:\/\/adl-regalosempresa.com\/tiendaonline\/wp-json\/wp\/v2\/product"}],"about":[{"href":"https:\/\/adl-regalosempresa.com\/tiendaonline\/wp-json\/wp\/v2\/types\/product"}],"wp:featuredmedia":[{"embeddable":true,"href":"https:\/\/adl-regalosempresa.com\/tiendaonline\/wp-json\/wp\/v2\/media\/104862"}],"wp:attachment":[{"href":"https:\/\/adl-regalosempresa.com\/tiendaonline\/wp-json\/wp\/v2\/media?parent=104860"}],"wp:term":[{"taxonomy":"product_brand","embeddable":true,"href":"https:\/\/adl-regalosempresa.com\/tiendaonline\/wp-json\/wp\/v2\/product_brand?post=104860"},{"taxonomy":"product_cat","embeddable":true,"href":"https:\/\/adl-regalosempresa.com\/tiendaonline\/wp-json\/wp\/v2\/product_cat?post=104860"},{"taxonomy":"product_tag","embeddable":true,"href":"https:\/\/adl-regalosempresa.com\/tiendaonline\/wp-json\/wp\/v2\/product_tag?post=104860"}],"curies":[{"name":"wp","href":"https:\/\/api.w.org\/{rel}","templated":true}]}}