{"id":104609,"date":"2026-04-04T04:09:03","date_gmt":"2026-04-04T04:09:03","guid":{"rendered":"https:\/\/adl-regalosempresa.com\/tiendaonline\/articulos\/merchandising\/chaqueta-softshell-de-hombre-para-personalizar-2\/"},"modified":"2026-04-04T08:26:08","modified_gmt":"2026-04-04T08:26:08","slug":"chaqueta-softshell-de-hombre-para-personalizar-con-logo-2","status":"publish","type":"product","link":"https:\/\/adl-regalosempresa.com\/tiendaonline\/articulos\/merchandising\/chaqueta-softshell-de-hombre-para-personalizar-con-logo-2\/","title":{"rendered":"Chaqueta softshell de hombre  para personalizar con logo"},"content":{"rendered":"<p>La chaqueta softshell Langley de dos capas para hombre consigue un rendimiento m\u00e1ximo al aire libre. La chaqueta tiene un \u00edndice de impermeabilidad de 5000 mm, que te mantiene seco y protegido de los elementos. Su excepcional transpirabilidad, con un \u00edndice de 3000 g\/m\u00b2, evacua la humedad, manteni\u00e9ndote c\u00f3modo durante las actividades intensas. Disfruta de un movimiento sin restricciones con el tejido el\u00e1stico en cuatro direcciones, que combina poli\u00e9ster y elastano (300 g\/m\u00b2) dise\u00f1ado para flexionarse y adaptarse a cada movimiento de tu cuerpo. La capa interior adherida presenta un micropolar de poli\u00e9ster, complementado con una laminaci\u00f3n de TPU, que mejora el aislamiento y la calidez de la chaqueta y la protege de cualquier tipo de clima. La capucha desmontable se adapta a diversas condiciones meteorol\u00f3gicas, mientras que los pu\u00f1os ajustables con cierre autoadherente garantizan un ajuste ce\u00f1ido y c\u00f3modo. El cord\u00f3n el\u00e1stico con cierre de cord\u00f3n ajustable permite adaptar la chaqueta a cualquier preferencia. Con la inclusi\u00f3n de bolsillos seguros para las manos con cremallera, puedes mantener tus objetos esenciales a mano durante cualquier aventura. Prep\u00e1rate para afrontar cualquier aventura con estilo, comodidad y confianza con la chaqueta softshell Langley.<\/p>\n","protected":false},"excerpt":{"rendered":"<p><strong>Descuentos por cantidades<\/strong><br \/>&#8211; a partir de 5 unidades: 74,07 \u20ac\/ud<br \/>&#8211; a partir de 25 unidades: 74,07 \u20ac\/ud<br \/>&#8211; a partir de 50 unidades: 72,62 \u20ac\/ud<\/p>\n<p>Para cantidades superiores a las aqu\u00ed indicadas, no dudes en ponerte en contacto con nuestro departamento comercial o <a href='https:\/\/adl-regalosempresa.com\/tiendaonline\/solicitud-presupuesto\/'>pedirnos presupuesto personalizado<\/a>, ajustaremos el presupuesto a tus necesidades.<\/p>\n","protected":false},"featured_media":104619,"template":"","meta":{"_kad_post_transparent":"","_kad_post_title":"","_kad_post_layout":"","_kad_post_sidebar_id":"","_kad_post_content_style":"","_kad_post_vertical_padding":"","_kad_post_feature":"","_kad_post_feature_position":"","_kad_post_header":false,"_kad_post_footer":false,"_kad_post_classname":""},"product_brand":[],"product_cat":[5423,3649],"product_tag":[],"class_list":{"0":"post-104609","1":"product","2":"type-product","3":"status-publish","4":"has-post-thumbnail","6":"product_cat-chaquetas-ropa","7":"product_cat-ropa","8":"pa_color-antracita","9":"pa_color-azul","10":"pa_color-azul-hale","11":"pa_color-azul-marino","12":"pa_color-gris-acero","13":"pa_color-negro-intenso","14":"pa_color-rojo","15":"pa_color-verde-bosque","16":"pa_color-simple-azul","17":"pa_color-simple-gris","18":"pa_color-simple-negro-intenso","19":"pa_color-simple-rojo","20":"pa_color-simple-verde","21":"pa_genero-hombre","22":"pa_marca-elevate","23":"pa_material-tejido-90-poliester-10-elastano-300-g-m2-bonding-microforro-100-poliester","24":"pa_peso-667-gr","25":"pa_talla-xs","26":"pa_talla-s","27":"pa_talla-m","28":"pa_talla-l","29":"pa_talla-xl","30":"pa_talla-xxl","31":"pa_talla-3xl","33":"first","34":"instock","35":"taxable","36":"shipping-taxable","37":"purchasable","38":"product-type-variable","39":"entry","40":"content-bg","41":"loop-entry"},"yoast_head":"<!-- This site is optimized with the Yoast SEO plugin v26.3 - https:\/\/yoast.com\/wordpress\/plugins\/seo\/ -->\n<title>Merchandising Chaqueta softshell de hombre para personalizar con logo - ADL<\/title>\n<meta name=\"description\" content=\"Art\u00edculo de merchandising Chaqueta softshell de hombre &quot;Langley&quot;. La chaqueta softshell Langley de dos capas para hombre consigue un rendimiento m\u00e1ximo al aire libre. La chaqueta tiene un \u00edndice de impermeabilidad de 5000 mm, que te mantiene seco y protegido de los elementos. Su excepcional transpirabilidad, con un \u00edndice de 3000 g\/m\u00b2, evacua la humedad, manteni\u00e9ndote c\u00f3modo durante las actividades intensas. Disfruta de un movimiento sin restricciones con el tejido el\u00e1stico en cuatro direcciones, que combina poli\u00e9ster y elastano (300 g\/m\u00b2) dise\u00f1ado para flexionarse y adaptarse a cada movimiento de tu cuerpo. La capa interior adherida presenta un micropolar de poli\u00e9ster, complementado con una laminaci\u00f3n de TPU, que mejora el aislamiento y la calidez de la chaqueta y la protege de cualquier tipo de clima. La capucha desmontable se adapta a diversas condiciones meteorol\u00f3gicas, mientras que los pu\u00f1os ajustables con cierre autoadherente garantizan un ajuste ce\u00f1ido y c\u00f3modo. El cord\u00f3n el\u00e1stico con cierre de cord\u00f3n ajustable permite adaptar la chaqueta a cualquier preferencia. Con la inclusi\u00f3n de bolsillos seguros para las manos con cremallera, puedes mantener tus objetos esenciales a mano durante cualquier aventura. Prep\u00e1rate para afrontar cualquier aventura con estilo, comodidad y confianza con la chaqueta softshell Langley.\" \/>\n<meta name=\"robots\" content=\"index, follow, max-snippet:-1, max-image-preview:large, max-video-preview:-1\" \/>\n<link rel=\"canonical\" href=\"https:\/\/adl-regalosempresa.com\/tiendaonline\/articulos\/merchandising\/chaqueta-softshell-de-hombre-para-personalizar-con-logo-2\/\" \/>\n<meta property=\"og:locale\" content=\"es_ES\" \/>\n<meta property=\"og:type\" content=\"article\" \/>\n<meta property=\"og:title\" content=\"Merchandising Chaqueta softshell de hombre para personalizar con logo - ADL\" \/>\n<meta property=\"og:description\" content=\"Art\u00edculo de merchandising Chaqueta softshell de hombre &quot;Langley&quot;. La chaqueta softshell Langley de dos capas para hombre consigue un rendimiento m\u00e1ximo al aire libre. La chaqueta tiene un \u00edndice de impermeabilidad de 5000 mm, que te mantiene seco y protegido de los elementos. Su excepcional transpirabilidad, con un \u00edndice de 3000 g\/m\u00b2, evacua la humedad, manteni\u00e9ndote c\u00f3modo durante las actividades intensas. Disfruta de un movimiento sin restricciones con el tejido el\u00e1stico en cuatro direcciones, que combina poli\u00e9ster y elastano (300 g\/m\u00b2) dise\u00f1ado para flexionarse y adaptarse a cada movimiento de tu cuerpo. La capa interior adherida presenta un micropolar de poli\u00e9ster, complementado con una laminaci\u00f3n de TPU, que mejora el aislamiento y la calidez de la chaqueta y la protege de cualquier tipo de clima. La capucha desmontable se adapta a diversas condiciones meteorol\u00f3gicas, mientras que los pu\u00f1os ajustables con cierre autoadherente garantizan un ajuste ce\u00f1ido y c\u00f3modo. El cord\u00f3n el\u00e1stico con cierre de cord\u00f3n ajustable permite adaptar la chaqueta a cualquier preferencia. Con la inclusi\u00f3n de bolsillos seguros para las manos con cremallera, puedes mantener tus objetos esenciales a mano durante cualquier aventura. Prep\u00e1rate para afrontar cualquier aventura con estilo, comodidad y confianza con la chaqueta softshell Langley.\" \/>\n<meta property=\"og:url\" content=\"https:\/\/adl-regalosempresa.com\/tiendaonline\/articulos\/merchandising\/chaqueta-softshell-de-hombre-para-personalizar-con-logo-2\/\" \/>\n<meta property=\"og:site_name\" content=\"ADL Comunicaci\u00f3n\" \/>\n<meta property=\"article:modified_time\" content=\"2026-04-04T08:26:08+00:00\" \/>\n<meta property=\"og:image\" content=\"https:\/\/adl-regalosempresa.com\/tiendaonline\/wp-content\/uploads\/2022\/06\/3931125.jpg\" \/>\n\t<meta property=\"og:image:width\" content=\"1600\" \/>\n\t<meta property=\"og:image:height\" content=\"1600\" \/>\n\t<meta property=\"og:image:type\" content=\"image\/jpeg\" \/>\n<meta name=\"twitter:card\" content=\"summary_large_image\" \/>\n<meta name=\"twitter:title\" content=\"Merchandising Chaqueta softshell de hombre para personalizar con logo - ADL\" \/>\n<meta name=\"twitter:label1\" content=\"Tiempo de lectura\" \/>\n\t<meta name=\"twitter:data1\" content=\"1 minuto\" \/>\n<script type=\"application\/ld+json\" class=\"yoast-schema-graph\">{\"@context\":\"https:\/\/schema.org\",\"@graph\":[{\"@type\":\"WebPage\",\"@id\":\"https:\/\/adl-regalosempresa.com\/tiendaonline\/articulos\/merchandising\/chaqueta-softshell-de-hombre-para-personalizar-con-logo-2\/\",\"url\":\"https:\/\/adl-regalosempresa.com\/tiendaonline\/articulos\/merchandising\/chaqueta-softshell-de-hombre-para-personalizar-con-logo-2\/\",\"name\":\"Merchandising Chaqueta softshell de hombre para personalizar con logo - ADL\",\"isPartOf\":{\"@id\":\"https:\/\/adl-regalosempresa.com\/tiendaonline\/#website\"},\"primaryImageOfPage\":{\"@id\":\"https:\/\/adl-regalosempresa.com\/tiendaonline\/articulos\/merchandising\/chaqueta-softshell-de-hombre-para-personalizar-con-logo-2\/#primaryimage\"},\"image\":{\"@id\":\"https:\/\/adl-regalosempresa.com\/tiendaonline\/articulos\/merchandising\/chaqueta-softshell-de-hombre-para-personalizar-con-logo-2\/#primaryimage\"},\"thumbnailUrl\":\"https:\/\/adl-regalosempresa.com\/tiendaonline\/wp-content\/uploads\/2022\/06\/3931125.jpg\",\"datePublished\":\"2026-04-04T04:09:03+00:00\",\"dateModified\":\"2026-04-04T08:26:08+00:00\",\"description\":\"Art\u00edculo de merchandising Chaqueta softshell de hombre \\\"Langley\\\". La chaqueta softshell Langley de dos capas para hombre consigue un rendimiento m\u00e1ximo al aire libre. La chaqueta tiene un \u00edndice de impermeabilidad de 5000 mm, que te mantiene seco y protegido de los elementos. Su excepcional transpirabilidad, con un \u00edndice de 3000 g\/m\u00b2, evacua la humedad, manteni\u00e9ndote c\u00f3modo durante las actividades intensas. Disfruta de un movimiento sin restricciones con el tejido el\u00e1stico en cuatro direcciones, que combina poli\u00e9ster y elastano (300 g\/m\u00b2) dise\u00f1ado para flexionarse y adaptarse a cada movimiento de tu cuerpo. La capa interior adherida presenta un micropolar de poli\u00e9ster, complementado con una laminaci\u00f3n de TPU, que mejora el aislamiento y la calidez de la chaqueta y la protege de cualquier tipo de clima. La capucha desmontable se adapta a diversas condiciones meteorol\u00f3gicas, mientras que los pu\u00f1os ajustables con cierre autoadherente garantizan un ajuste ce\u00f1ido y c\u00f3modo. El cord\u00f3n el\u00e1stico con cierre de cord\u00f3n ajustable permite adaptar la chaqueta a cualquier preferencia. Con la inclusi\u00f3n de bolsillos seguros para las manos con cremallera, puedes mantener tus objetos esenciales a mano durante cualquier aventura. Prep\u00e1rate para afrontar cualquier aventura con estilo, comodidad y confianza con la chaqueta softshell Langley.\",\"breadcrumb\":{\"@id\":\"https:\/\/adl-regalosempresa.com\/tiendaonline\/articulos\/merchandising\/chaqueta-softshell-de-hombre-para-personalizar-con-logo-2\/#breadcrumb\"},\"inLanguage\":\"es\",\"potentialAction\":[{\"@type\":\"ReadAction\",\"target\":[\"https:\/\/adl-regalosempresa.com\/tiendaonline\/articulos\/merchandising\/chaqueta-softshell-de-hombre-para-personalizar-con-logo-2\/\"]}]},{\"@type\":\"ImageObject\",\"inLanguage\":\"es\",\"@id\":\"https:\/\/adl-regalosempresa.com\/tiendaonline\/articulos\/merchandising\/chaqueta-softshell-de-hombre-para-personalizar-con-logo-2\/#primaryimage\",\"url\":\"https:\/\/adl-regalosempresa.com\/tiendaonline\/wp-content\/uploads\/2022\/06\/3931125.jpg\",\"contentUrl\":\"https:\/\/adl-regalosempresa.com\/tiendaonline\/wp-content\/uploads\/2022\/06\/3931125.jpg\",\"width\":1600,\"height\":1600,\"caption\":\"Chaqueta softshell de hombre \\\"Langley\\\"\"},{\"@type\":\"BreadcrumbList\",\"@id\":\"https:\/\/adl-regalosempresa.com\/tiendaonline\/articulos\/merchandising\/chaqueta-softshell-de-hombre-para-personalizar-con-logo-2\/#breadcrumb\",\"itemListElement\":[{\"@type\":\"ListItem\",\"position\":1,\"name\":\"Portada\",\"item\":\"https:\/\/adl-regalosempresa.com\/tiendaonline\/\"},{\"@type\":\"ListItem\",\"position\":2,\"name\":\"Tienda\",\"item\":\"https:\/\/adl-regalosempresa.com\/tiendaonline\/tienda\/\"},{\"@type\":\"ListItem\",\"position\":3,\"name\":\"Chaqueta softshell de hombre para personalizar con logo\"}]},{\"@type\":\"WebSite\",\"@id\":\"https:\/\/adl-regalosempresa.com\/tiendaonline\/#website\",\"url\":\"https:\/\/adl-regalosempresa.com\/tiendaonline\/\",\"name\":\"ADL Comunicaci\u00f3n\",\"description\":\"Regalos de empresa\",\"publisher\":{\"@id\":\"https:\/\/adl-regalosempresa.com\/tiendaonline\/#organization\"},\"potentialAction\":[{\"@type\":\"SearchAction\",\"target\":{\"@type\":\"EntryPoint\",\"urlTemplate\":\"https:\/\/adl-regalosempresa.com\/tiendaonline\/?s={search_term_string}\"},\"query-input\":{\"@type\":\"PropertyValueSpecification\",\"valueRequired\":true,\"valueName\":\"search_term_string\"}}],\"inLanguage\":\"es\"},{\"@type\":\"Organization\",\"@id\":\"https:\/\/adl-regalosempresa.com\/tiendaonline\/#organization\",\"name\":\"ADL Comunicaci\u00f3n\",\"url\":\"https:\/\/adl-regalosempresa.com\/tiendaonline\/\",\"logo\":{\"@type\":\"ImageObject\",\"inLanguage\":\"es\",\"@id\":\"https:\/\/adl-regalosempresa.com\/tiendaonline\/#\/schema\/logo\/image\/\",\"url\":\"https:\/\/adl-regalosempresa.com\/tiendaonline\/wp-content\/uploads\/2017\/09\/logo-adl-wp.png\",\"contentUrl\":\"https:\/\/adl-regalosempresa.com\/tiendaonline\/wp-content\/uploads\/2017\/09\/logo-adl-wp.png\",\"width\":407,\"height\":185,\"caption\":\"ADL Comunicaci\u00f3n\"},\"image\":{\"@id\":\"https:\/\/adl-regalosempresa.com\/tiendaonline\/#\/schema\/logo\/image\/\"}}]}<\/script>\n<!-- \/ Yoast SEO plugin. -->","yoast_head_json":{"title":"Merchandising Chaqueta softshell de hombre para personalizar con logo - ADL","description":"Art\u00edculo de merchandising Chaqueta softshell de hombre \"Langley\". La chaqueta softshell Langley de dos capas para hombre consigue un rendimiento m\u00e1ximo al aire libre. La chaqueta tiene un \u00edndice de impermeabilidad de 5000 mm, que te mantiene seco y protegido de los elementos. Su excepcional transpirabilidad, con un \u00edndice de 3000 g\/m\u00b2, evacua la humedad, manteni\u00e9ndote c\u00f3modo durante las actividades intensas. Disfruta de un movimiento sin restricciones con el tejido el\u00e1stico en cuatro direcciones, que combina poli\u00e9ster y elastano (300 g\/m\u00b2) dise\u00f1ado para flexionarse y adaptarse a cada movimiento de tu cuerpo. La capa interior adherida presenta un micropolar de poli\u00e9ster, complementado con una laminaci\u00f3n de TPU, que mejora el aislamiento y la calidez de la chaqueta y la protege de cualquier tipo de clima. La capucha desmontable se adapta a diversas condiciones meteorol\u00f3gicas, mientras que los pu\u00f1os ajustables con cierre autoadherente garantizan un ajuste ce\u00f1ido y c\u00f3modo. El cord\u00f3n el\u00e1stico con cierre de cord\u00f3n ajustable permite adaptar la chaqueta a cualquier preferencia. Con la inclusi\u00f3n de bolsillos seguros para las manos con cremallera, puedes mantener tus objetos esenciales a mano durante cualquier aventura. Prep\u00e1rate para afrontar cualquier aventura con estilo, comodidad y confianza con la chaqueta softshell Langley.","robots":{"index":"index","follow":"follow","max-snippet":"max-snippet:-1","max-image-preview":"max-image-preview:large","max-video-preview":"max-video-preview:-1"},"canonical":"https:\/\/adl-regalosempresa.com\/tiendaonline\/articulos\/merchandising\/chaqueta-softshell-de-hombre-para-personalizar-con-logo-2\/","og_locale":"es_ES","og_type":"article","og_title":"Merchandising Chaqueta softshell de hombre para personalizar con logo - ADL","og_description":"Art\u00edculo de merchandising Chaqueta softshell de hombre \"Langley\". La chaqueta softshell Langley de dos capas para hombre consigue un rendimiento m\u00e1ximo al aire libre. La chaqueta tiene un \u00edndice de impermeabilidad de 5000 mm, que te mantiene seco y protegido de los elementos. Su excepcional transpirabilidad, con un \u00edndice de 3000 g\/m\u00b2, evacua la humedad, manteni\u00e9ndote c\u00f3modo durante las actividades intensas. Disfruta de un movimiento sin restricciones con el tejido el\u00e1stico en cuatro direcciones, que combina poli\u00e9ster y elastano (300 g\/m\u00b2) dise\u00f1ado para flexionarse y adaptarse a cada movimiento de tu cuerpo. La capa interior adherida presenta un micropolar de poli\u00e9ster, complementado con una laminaci\u00f3n de TPU, que mejora el aislamiento y la calidez de la chaqueta y la protege de cualquier tipo de clima. La capucha desmontable se adapta a diversas condiciones meteorol\u00f3gicas, mientras que los pu\u00f1os ajustables con cierre autoadherente garantizan un ajuste ce\u00f1ido y c\u00f3modo. El cord\u00f3n el\u00e1stico con cierre de cord\u00f3n ajustable permite adaptar la chaqueta a cualquier preferencia. Con la inclusi\u00f3n de bolsillos seguros para las manos con cremallera, puedes mantener tus objetos esenciales a mano durante cualquier aventura. Prep\u00e1rate para afrontar cualquier aventura con estilo, comodidad y confianza con la chaqueta softshell Langley.","og_url":"https:\/\/adl-regalosempresa.com\/tiendaonline\/articulos\/merchandising\/chaqueta-softshell-de-hombre-para-personalizar-con-logo-2\/","og_site_name":"ADL Comunicaci\u00f3n","article_modified_time":"2026-04-04T08:26:08+00:00","og_image":[{"width":1600,"height":1600,"url":"https:\/\/adl-regalosempresa.com\/tiendaonline\/wp-content\/uploads\/2022\/06\/3931125.jpg","type":"image\/jpeg"}],"twitter_card":"summary_large_image","twitter_title":"Merchandising Chaqueta softshell de hombre para personalizar con logo - ADL","twitter_misc":{"Tiempo de lectura":"1 minuto"},"schema":{"@context":"https:\/\/schema.org","@graph":[{"@type":"WebPage","@id":"https:\/\/adl-regalosempresa.com\/tiendaonline\/articulos\/merchandising\/chaqueta-softshell-de-hombre-para-personalizar-con-logo-2\/","url":"https:\/\/adl-regalosempresa.com\/tiendaonline\/articulos\/merchandising\/chaqueta-softshell-de-hombre-para-personalizar-con-logo-2\/","name":"Merchandising Chaqueta softshell de hombre para personalizar con logo - ADL","isPartOf":{"@id":"https:\/\/adl-regalosempresa.com\/tiendaonline\/#website"},"primaryImageOfPage":{"@id":"https:\/\/adl-regalosempresa.com\/tiendaonline\/articulos\/merchandising\/chaqueta-softshell-de-hombre-para-personalizar-con-logo-2\/#primaryimage"},"image":{"@id":"https:\/\/adl-regalosempresa.com\/tiendaonline\/articulos\/merchandising\/chaqueta-softshell-de-hombre-para-personalizar-con-logo-2\/#primaryimage"},"thumbnailUrl":"https:\/\/adl-regalosempresa.com\/tiendaonline\/wp-content\/uploads\/2022\/06\/3931125.jpg","datePublished":"2026-04-04T04:09:03+00:00","dateModified":"2026-04-04T08:26:08+00:00","description":"Art\u00edculo de merchandising Chaqueta softshell de hombre \"Langley\". La chaqueta softshell Langley de dos capas para hombre consigue un rendimiento m\u00e1ximo al aire libre. La chaqueta tiene un \u00edndice de impermeabilidad de 5000 mm, que te mantiene seco y protegido de los elementos. Su excepcional transpirabilidad, con un \u00edndice de 3000 g\/m\u00b2, evacua la humedad, manteni\u00e9ndote c\u00f3modo durante las actividades intensas. Disfruta de un movimiento sin restricciones con el tejido el\u00e1stico en cuatro direcciones, que combina poli\u00e9ster y elastano (300 g\/m\u00b2) dise\u00f1ado para flexionarse y adaptarse a cada movimiento de tu cuerpo. La capa interior adherida presenta un micropolar de poli\u00e9ster, complementado con una laminaci\u00f3n de TPU, que mejora el aislamiento y la calidez de la chaqueta y la protege de cualquier tipo de clima. La capucha desmontable se adapta a diversas condiciones meteorol\u00f3gicas, mientras que los pu\u00f1os ajustables con cierre autoadherente garantizan un ajuste ce\u00f1ido y c\u00f3modo. El cord\u00f3n el\u00e1stico con cierre de cord\u00f3n ajustable permite adaptar la chaqueta a cualquier preferencia. Con la inclusi\u00f3n de bolsillos seguros para las manos con cremallera, puedes mantener tus objetos esenciales a mano durante cualquier aventura. Prep\u00e1rate para afrontar cualquier aventura con estilo, comodidad y confianza con la chaqueta softshell Langley.","breadcrumb":{"@id":"https:\/\/adl-regalosempresa.com\/tiendaonline\/articulos\/merchandising\/chaqueta-softshell-de-hombre-para-personalizar-con-logo-2\/#breadcrumb"},"inLanguage":"es","potentialAction":[{"@type":"ReadAction","target":["https:\/\/adl-regalosempresa.com\/tiendaonline\/articulos\/merchandising\/chaqueta-softshell-de-hombre-para-personalizar-con-logo-2\/"]}]},{"@type":"ImageObject","inLanguage":"es","@id":"https:\/\/adl-regalosempresa.com\/tiendaonline\/articulos\/merchandising\/chaqueta-softshell-de-hombre-para-personalizar-con-logo-2\/#primaryimage","url":"https:\/\/adl-regalosempresa.com\/tiendaonline\/wp-content\/uploads\/2022\/06\/3931125.jpg","contentUrl":"https:\/\/adl-regalosempresa.com\/tiendaonline\/wp-content\/uploads\/2022\/06\/3931125.jpg","width":1600,"height":1600,"caption":"Chaqueta softshell de hombre \"Langley\""},{"@type":"BreadcrumbList","@id":"https:\/\/adl-regalosempresa.com\/tiendaonline\/articulos\/merchandising\/chaqueta-softshell-de-hombre-para-personalizar-con-logo-2\/#breadcrumb","itemListElement":[{"@type":"ListItem","position":1,"name":"Portada","item":"https:\/\/adl-regalosempresa.com\/tiendaonline\/"},{"@type":"ListItem","position":2,"name":"Tienda","item":"https:\/\/adl-regalosempresa.com\/tiendaonline\/tienda\/"},{"@type":"ListItem","position":3,"name":"Chaqueta softshell de hombre para personalizar con logo"}]},{"@type":"WebSite","@id":"https:\/\/adl-regalosempresa.com\/tiendaonline\/#website","url":"https:\/\/adl-regalosempresa.com\/tiendaonline\/","name":"ADL Comunicaci\u00f3n","description":"Regalos de empresa","publisher":{"@id":"https:\/\/adl-regalosempresa.com\/tiendaonline\/#organization"},"potentialAction":[{"@type":"SearchAction","target":{"@type":"EntryPoint","urlTemplate":"https:\/\/adl-regalosempresa.com\/tiendaonline\/?s={search_term_string}"},"query-input":{"@type":"PropertyValueSpecification","valueRequired":true,"valueName":"search_term_string"}}],"inLanguage":"es"},{"@type":"Organization","@id":"https:\/\/adl-regalosempresa.com\/tiendaonline\/#organization","name":"ADL Comunicaci\u00f3n","url":"https:\/\/adl-regalosempresa.com\/tiendaonline\/","logo":{"@type":"ImageObject","inLanguage":"es","@id":"https:\/\/adl-regalosempresa.com\/tiendaonline\/#\/schema\/logo\/image\/","url":"https:\/\/adl-regalosempresa.com\/tiendaonline\/wp-content\/uploads\/2017\/09\/logo-adl-wp.png","contentUrl":"https:\/\/adl-regalosempresa.com\/tiendaonline\/wp-content\/uploads\/2017\/09\/logo-adl-wp.png","width":407,"height":185,"caption":"ADL Comunicaci\u00f3n"},"image":{"@id":"https:\/\/adl-regalosempresa.com\/tiendaonline\/#\/schema\/logo\/image\/"}}]}},"_links":{"self":[{"href":"https:\/\/adl-regalosempresa.com\/tiendaonline\/wp-json\/wp\/v2\/product\/104609","targetHints":{"allow":["GET"]}}],"collection":[{"href":"https:\/\/adl-regalosempresa.com\/tiendaonline\/wp-json\/wp\/v2\/product"}],"about":[{"href":"https:\/\/adl-regalosempresa.com\/tiendaonline\/wp-json\/wp\/v2\/types\/product"}],"wp:featuredmedia":[{"embeddable":true,"href":"https:\/\/adl-regalosempresa.com\/tiendaonline\/wp-json\/wp\/v2\/media\/104619"}],"wp:attachment":[{"href":"https:\/\/adl-regalosempresa.com\/tiendaonline\/wp-json\/wp\/v2\/media?parent=104609"}],"wp:term":[{"taxonomy":"product_brand","embeddable":true,"href":"https:\/\/adl-regalosempresa.com\/tiendaonline\/wp-json\/wp\/v2\/product_brand?post=104609"},{"taxonomy":"product_cat","embeddable":true,"href":"https:\/\/adl-regalosempresa.com\/tiendaonline\/wp-json\/wp\/v2\/product_cat?post=104609"},{"taxonomy":"product_tag","embeddable":true,"href":"https:\/\/adl-regalosempresa.com\/tiendaonline\/wp-json\/wp\/v2\/product_tag?post=104609"}],"curies":[{"name":"wp","href":"https:\/\/api.w.org\/{rel}","templated":true}]}}