{"id":103799,"date":"2026-04-20T04:10:12","date_gmt":"2026-04-20T04:10:12","guid":{"rendered":"https:\/\/adl-regalosempresa.com\/tiendaonline\/articulos\/merchandising\/camiseta-cool-fit-de-manga-corta-para-hombre-para-personalizar\/"},"modified":"2026-04-20T05:18:15","modified_gmt":"2026-04-20T05:18:15","slug":"camiseta-cool-fit-de-manga-corta-para-hombre-para-personalizar-con-logo","status":"publish","type":"product","link":"https:\/\/adl-regalosempresa.com\/tiendaonline\/articulos\/merchandising\/camiseta-cool-fit-de-manga-corta-para-hombre-para-personalizar-con-logo\/","title":{"rendered":"Camiseta Cool fit de manga corta para hombre  para personalizar con logo"},"content":{"rendered":"<p>La camiseta Niagara de manga corta para hombre es perfecta para cualquier ocasi\u00f3n activa. Fabricada con tejido de poli\u00e9ster 100% transpirable y que absorbe la humedad de 145 g\/m\u00b2, esta camiseta te ayuda a mantenerte fresco y seco. Las mangas ragl\u00e1n y la etiqueta de transferencia t\u00e9rmica en el cuello aportan una mayor libertad de movimiento sin irritar la piel. Para mantener la seguridad, se han a\u00f1adido detalles reflectantes para mayor visibilidad.<\/p>\n","protected":false},"excerpt":{"rendered":"<p><strong>Descuentos por cantidades<\/strong><br \/>&#8211; a partir de 25 unidades: 12,02 \u20ac\/ud<br \/>&#8211; a partir de 50 unidades: 12,02 \u20ac\/ud<br \/>&#8211; a partir de 100 unidades: 11,78 \u20ac\/ud<\/p>\n<p>Para cantidades superiores a las aqu\u00ed indicadas, no dudes en ponerte en contacto con nuestro departamento comercial o <a href='https:\/\/adl-regalosempresa.com\/tiendaonline\/solicitud-presupuesto\/'>pedirnos presupuesto personalizado<\/a>, ajustaremos el presupuesto a tus necesidades.<\/p>\n","protected":false},"featured_media":103801,"template":"","meta":{"_kad_post_transparent":"","_kad_post_title":"","_kad_post_layout":"","_kad_post_sidebar_id":"","_kad_post_content_style":"","_kad_post_vertical_padding":"","_kad_post_feature":"","_kad_post_feature_position":"","_kad_post_header":false,"_kad_post_footer":false,"_kad_post_classname":""},"product_brand":[],"product_cat":[5430,3649],"product_tag":[],"class_list":{"0":"post-103799","1":"product","2":"type-product","3":"status-publish","4":"has-post-thumbnail","6":"product_cat-camisetas","7":"product_cat-ropa","8":"pa_color-amarillo","9":"pa_color-amarillo-neon","10":"pa_color-azul","11":"pa_color-azul-marino","12":"pa_color-blanco","13":"pa_color-naranja","14":"pa_color-negro-intenso","15":"pa_color-rojo","16":"pa_color-verde-manzana","17":"pa_color-simple-azul","18":"pa_color-simple-blanco","19":"pa_color-simple-naranja","20":"pa_color-simple-negro-intenso","21":"pa_color-simple-rojo","22":"pa_genero-hombre","23":"pa_marca-elevate","24":"pa_material-malla-con-un-acabado-cool-fit-100-poliester-145-g-m2","25":"pa_peso-152-gr","26":"pa_talla-xs","27":"pa_talla-s","28":"pa_talla-m","29":"pa_talla-l","30":"pa_talla-xl","31":"pa_talla-xxl","32":"pa_talla-3xl","34":"first","35":"instock","36":"taxable","37":"shipping-taxable","38":"purchasable","39":"product-type-variable","40":"entry","41":"content-bg","42":"loop-entry"},"yoast_head":"<!-- This site is optimized with the Yoast SEO plugin v26.3 - https:\/\/yoast.com\/wordpress\/plugins\/seo\/ -->\n<title>Merchandising Camiseta Cool fit de manga corta para hombre para personalizar con logo - ADL<\/title>\n<meta name=\"description\" content=\"Art\u00edculo de merchandising Camiseta Cool fit de manga corta para hombre &quot;Niagara&quot;. La camiseta Niagara de manga corta para hombre es perfecta para cualquier ocasi\u00f3n activa. Fabricada con tejido de poli\u00e9ster 100% transpirable y que absorbe la humedad de 145 g\/m\u00b2, esta camiseta te ayuda a mantenerte fresco y seco. Las mangas ragl\u00e1n y la etiqueta de transferencia t\u00e9rmica en el cuello aportan una mayor libertad de movimiento sin irritar la piel. Para mantener la seguridad, se han a\u00f1adido detalles reflectantes para mayor visibilidad.\" \/>\n<meta name=\"robots\" content=\"index, follow, max-snippet:-1, max-image-preview:large, max-video-preview:-1\" \/>\n<link rel=\"canonical\" href=\"https:\/\/adl-regalosempresa.com\/tiendaonline\/articulos\/merchandising\/camiseta-cool-fit-de-manga-corta-para-hombre-para-personalizar-con-logo\/\" \/>\n<meta property=\"og:locale\" content=\"es_ES\" \/>\n<meta property=\"og:type\" content=\"article\" \/>\n<meta property=\"og:title\" content=\"Merchandising Camiseta Cool fit de manga corta para hombre para personalizar con logo - ADL\" \/>\n<meta property=\"og:description\" content=\"Art\u00edculo de merchandising Camiseta Cool fit de manga corta para hombre &quot;Niagara&quot;. La camiseta Niagara de manga corta para hombre es perfecta para cualquier ocasi\u00f3n activa. Fabricada con tejido de poli\u00e9ster 100% transpirable y que absorbe la humedad de 145 g\/m\u00b2, esta camiseta te ayuda a mantenerte fresco y seco. Las mangas ragl\u00e1n y la etiqueta de transferencia t\u00e9rmica en el cuello aportan una mayor libertad de movimiento sin irritar la piel. Para mantener la seguridad, se han a\u00f1adido detalles reflectantes para mayor visibilidad.\" \/>\n<meta property=\"og:url\" content=\"https:\/\/adl-regalosempresa.com\/tiendaonline\/articulos\/merchandising\/camiseta-cool-fit-de-manga-corta-para-hombre-para-personalizar-con-logo\/\" \/>\n<meta property=\"og:site_name\" content=\"ADL Comunicaci\u00f3n\" \/>\n<meta property=\"article:modified_time\" content=\"2026-04-20T05:18:15+00:00\" \/>\n<meta property=\"og:image\" content=\"https:\/\/adl-regalosempresa.com\/tiendaonline\/wp-content\/uploads\/2022\/06\/3901001.jpg\" \/>\n\t<meta property=\"og:image:width\" content=\"1600\" \/>\n\t<meta property=\"og:image:height\" content=\"1600\" \/>\n\t<meta property=\"og:image:type\" content=\"image\/jpeg\" \/>\n<meta name=\"twitter:card\" content=\"summary_large_image\" \/>\n<meta name=\"twitter:title\" content=\"Merchandising Camiseta Cool fit de manga corta para hombre para personalizar con logo - ADL\" \/>\n<script type=\"application\/ld+json\" class=\"yoast-schema-graph\">{\"@context\":\"https:\/\/schema.org\",\"@graph\":[{\"@type\":\"WebPage\",\"@id\":\"https:\/\/adl-regalosempresa.com\/tiendaonline\/articulos\/merchandising\/camiseta-cool-fit-de-manga-corta-para-hombre-para-personalizar-con-logo\/\",\"url\":\"https:\/\/adl-regalosempresa.com\/tiendaonline\/articulos\/merchandising\/camiseta-cool-fit-de-manga-corta-para-hombre-para-personalizar-con-logo\/\",\"name\":\"Merchandising Camiseta Cool fit de manga corta para hombre para personalizar con logo - ADL\",\"isPartOf\":{\"@id\":\"https:\/\/adl-regalosempresa.com\/tiendaonline\/#website\"},\"primaryImageOfPage\":{\"@id\":\"https:\/\/adl-regalosempresa.com\/tiendaonline\/articulos\/merchandising\/camiseta-cool-fit-de-manga-corta-para-hombre-para-personalizar-con-logo\/#primaryimage\"},\"image\":{\"@id\":\"https:\/\/adl-regalosempresa.com\/tiendaonline\/articulos\/merchandising\/camiseta-cool-fit-de-manga-corta-para-hombre-para-personalizar-con-logo\/#primaryimage\"},\"thumbnailUrl\":\"https:\/\/adl-regalosempresa.com\/tiendaonline\/wp-content\/uploads\/2022\/06\/3901001.jpg\",\"datePublished\":\"2026-04-20T04:10:12+00:00\",\"dateModified\":\"2026-04-20T05:18:15+00:00\",\"description\":\"Art\u00edculo de merchandising Camiseta Cool fit de manga corta para hombre \\\"Niagara\\\". La camiseta Niagara de manga corta para hombre es perfecta para cualquier ocasi\u00f3n activa. Fabricada con tejido de poli\u00e9ster 100% transpirable y que absorbe la humedad de 145 g\/m\u00b2, esta camiseta te ayuda a mantenerte fresco y seco. Las mangas ragl\u00e1n y la etiqueta de transferencia t\u00e9rmica en el cuello aportan una mayor libertad de movimiento sin irritar la piel. Para mantener la seguridad, se han a\u00f1adido detalles reflectantes para mayor visibilidad.\",\"breadcrumb\":{\"@id\":\"https:\/\/adl-regalosempresa.com\/tiendaonline\/articulos\/merchandising\/camiseta-cool-fit-de-manga-corta-para-hombre-para-personalizar-con-logo\/#breadcrumb\"},\"inLanguage\":\"es\",\"potentialAction\":[{\"@type\":\"ReadAction\",\"target\":[\"https:\/\/adl-regalosempresa.com\/tiendaonline\/articulos\/merchandising\/camiseta-cool-fit-de-manga-corta-para-hombre-para-personalizar-con-logo\/\"]}]},{\"@type\":\"ImageObject\",\"inLanguage\":\"es\",\"@id\":\"https:\/\/adl-regalosempresa.com\/tiendaonline\/articulos\/merchandising\/camiseta-cool-fit-de-manga-corta-para-hombre-para-personalizar-con-logo\/#primaryimage\",\"url\":\"https:\/\/adl-regalosempresa.com\/tiendaonline\/wp-content\/uploads\/2022\/06\/3901001.jpg\",\"contentUrl\":\"https:\/\/adl-regalosempresa.com\/tiendaonline\/wp-content\/uploads\/2022\/06\/3901001.jpg\",\"width\":1600,\"height\":1600,\"caption\":\"Camiseta Cool fit de manga corta para hombre \\\"Niagara\\\"\"},{\"@type\":\"BreadcrumbList\",\"@id\":\"https:\/\/adl-regalosempresa.com\/tiendaonline\/articulos\/merchandising\/camiseta-cool-fit-de-manga-corta-para-hombre-para-personalizar-con-logo\/#breadcrumb\",\"itemListElement\":[{\"@type\":\"ListItem\",\"position\":1,\"name\":\"Portada\",\"item\":\"https:\/\/adl-regalosempresa.com\/tiendaonline\/\"},{\"@type\":\"ListItem\",\"position\":2,\"name\":\"Tienda\",\"item\":\"https:\/\/adl-regalosempresa.com\/tiendaonline\/tienda\/\"},{\"@type\":\"ListItem\",\"position\":3,\"name\":\"Camiseta Cool fit de manga corta para hombre para personalizar con logo\"}]},{\"@type\":\"WebSite\",\"@id\":\"https:\/\/adl-regalosempresa.com\/tiendaonline\/#website\",\"url\":\"https:\/\/adl-regalosempresa.com\/tiendaonline\/\",\"name\":\"ADL Comunicaci\u00f3n\",\"description\":\"Regalos de empresa\",\"publisher\":{\"@id\":\"https:\/\/adl-regalosempresa.com\/tiendaonline\/#organization\"},\"potentialAction\":[{\"@type\":\"SearchAction\",\"target\":{\"@type\":\"EntryPoint\",\"urlTemplate\":\"https:\/\/adl-regalosempresa.com\/tiendaonline\/?s={search_term_string}\"},\"query-input\":{\"@type\":\"PropertyValueSpecification\",\"valueRequired\":true,\"valueName\":\"search_term_string\"}}],\"inLanguage\":\"es\"},{\"@type\":\"Organization\",\"@id\":\"https:\/\/adl-regalosempresa.com\/tiendaonline\/#organization\",\"name\":\"ADL Comunicaci\u00f3n\",\"url\":\"https:\/\/adl-regalosempresa.com\/tiendaonline\/\",\"logo\":{\"@type\":\"ImageObject\",\"inLanguage\":\"es\",\"@id\":\"https:\/\/adl-regalosempresa.com\/tiendaonline\/#\/schema\/logo\/image\/\",\"url\":\"https:\/\/adl-regalosempresa.com\/tiendaonline\/wp-content\/uploads\/2017\/09\/logo-adl-wp.png\",\"contentUrl\":\"https:\/\/adl-regalosempresa.com\/tiendaonline\/wp-content\/uploads\/2017\/09\/logo-adl-wp.png\",\"width\":407,\"height\":185,\"caption\":\"ADL Comunicaci\u00f3n\"},\"image\":{\"@id\":\"https:\/\/adl-regalosempresa.com\/tiendaonline\/#\/schema\/logo\/image\/\"}}]}<\/script>\n<!-- \/ Yoast SEO plugin. -->","yoast_head_json":{"title":"Merchandising Camiseta Cool fit de manga corta para hombre para personalizar con logo - ADL","description":"Art\u00edculo de merchandising Camiseta Cool fit de manga corta para hombre \"Niagara\". La camiseta Niagara de manga corta para hombre es perfecta para cualquier ocasi\u00f3n activa. Fabricada con tejido de poli\u00e9ster 100% transpirable y que absorbe la humedad de 145 g\/m\u00b2, esta camiseta te ayuda a mantenerte fresco y seco. Las mangas ragl\u00e1n y la etiqueta de transferencia t\u00e9rmica en el cuello aportan una mayor libertad de movimiento sin irritar la piel. Para mantener la seguridad, se han a\u00f1adido detalles reflectantes para mayor visibilidad.","robots":{"index":"index","follow":"follow","max-snippet":"max-snippet:-1","max-image-preview":"max-image-preview:large","max-video-preview":"max-video-preview:-1"},"canonical":"https:\/\/adl-regalosempresa.com\/tiendaonline\/articulos\/merchandising\/camiseta-cool-fit-de-manga-corta-para-hombre-para-personalizar-con-logo\/","og_locale":"es_ES","og_type":"article","og_title":"Merchandising Camiseta Cool fit de manga corta para hombre para personalizar con logo - ADL","og_description":"Art\u00edculo de merchandising Camiseta Cool fit de manga corta para hombre \"Niagara\". La camiseta Niagara de manga corta para hombre es perfecta para cualquier ocasi\u00f3n activa. Fabricada con tejido de poli\u00e9ster 100% transpirable y que absorbe la humedad de 145 g\/m\u00b2, esta camiseta te ayuda a mantenerte fresco y seco. Las mangas ragl\u00e1n y la etiqueta de transferencia t\u00e9rmica en el cuello aportan una mayor libertad de movimiento sin irritar la piel. Para mantener la seguridad, se han a\u00f1adido detalles reflectantes para mayor visibilidad.","og_url":"https:\/\/adl-regalosempresa.com\/tiendaonline\/articulos\/merchandising\/camiseta-cool-fit-de-manga-corta-para-hombre-para-personalizar-con-logo\/","og_site_name":"ADL Comunicaci\u00f3n","article_modified_time":"2026-04-20T05:18:15+00:00","og_image":[{"width":1600,"height":1600,"url":"https:\/\/adl-regalosempresa.com\/tiendaonline\/wp-content\/uploads\/2022\/06\/3901001.jpg","type":"image\/jpeg"}],"twitter_card":"summary_large_image","twitter_title":"Merchandising Camiseta Cool fit de manga corta para hombre para personalizar con logo - ADL","schema":{"@context":"https:\/\/schema.org","@graph":[{"@type":"WebPage","@id":"https:\/\/adl-regalosempresa.com\/tiendaonline\/articulos\/merchandising\/camiseta-cool-fit-de-manga-corta-para-hombre-para-personalizar-con-logo\/","url":"https:\/\/adl-regalosempresa.com\/tiendaonline\/articulos\/merchandising\/camiseta-cool-fit-de-manga-corta-para-hombre-para-personalizar-con-logo\/","name":"Merchandising Camiseta Cool fit de manga corta para hombre para personalizar con logo - ADL","isPartOf":{"@id":"https:\/\/adl-regalosempresa.com\/tiendaonline\/#website"},"primaryImageOfPage":{"@id":"https:\/\/adl-regalosempresa.com\/tiendaonline\/articulos\/merchandising\/camiseta-cool-fit-de-manga-corta-para-hombre-para-personalizar-con-logo\/#primaryimage"},"image":{"@id":"https:\/\/adl-regalosempresa.com\/tiendaonline\/articulos\/merchandising\/camiseta-cool-fit-de-manga-corta-para-hombre-para-personalizar-con-logo\/#primaryimage"},"thumbnailUrl":"https:\/\/adl-regalosempresa.com\/tiendaonline\/wp-content\/uploads\/2022\/06\/3901001.jpg","datePublished":"2026-04-20T04:10:12+00:00","dateModified":"2026-04-20T05:18:15+00:00","description":"Art\u00edculo de merchandising Camiseta Cool fit de manga corta para hombre \"Niagara\". La camiseta Niagara de manga corta para hombre es perfecta para cualquier ocasi\u00f3n activa. Fabricada con tejido de poli\u00e9ster 100% transpirable y que absorbe la humedad de 145 g\/m\u00b2, esta camiseta te ayuda a mantenerte fresco y seco. Las mangas ragl\u00e1n y la etiqueta de transferencia t\u00e9rmica en el cuello aportan una mayor libertad de movimiento sin irritar la piel. Para mantener la seguridad, se han a\u00f1adido detalles reflectantes para mayor visibilidad.","breadcrumb":{"@id":"https:\/\/adl-regalosempresa.com\/tiendaonline\/articulos\/merchandising\/camiseta-cool-fit-de-manga-corta-para-hombre-para-personalizar-con-logo\/#breadcrumb"},"inLanguage":"es","potentialAction":[{"@type":"ReadAction","target":["https:\/\/adl-regalosempresa.com\/tiendaonline\/articulos\/merchandising\/camiseta-cool-fit-de-manga-corta-para-hombre-para-personalizar-con-logo\/"]}]},{"@type":"ImageObject","inLanguage":"es","@id":"https:\/\/adl-regalosempresa.com\/tiendaonline\/articulos\/merchandising\/camiseta-cool-fit-de-manga-corta-para-hombre-para-personalizar-con-logo\/#primaryimage","url":"https:\/\/adl-regalosempresa.com\/tiendaonline\/wp-content\/uploads\/2022\/06\/3901001.jpg","contentUrl":"https:\/\/adl-regalosempresa.com\/tiendaonline\/wp-content\/uploads\/2022\/06\/3901001.jpg","width":1600,"height":1600,"caption":"Camiseta Cool fit de manga corta para hombre \"Niagara\""},{"@type":"BreadcrumbList","@id":"https:\/\/adl-regalosempresa.com\/tiendaonline\/articulos\/merchandising\/camiseta-cool-fit-de-manga-corta-para-hombre-para-personalizar-con-logo\/#breadcrumb","itemListElement":[{"@type":"ListItem","position":1,"name":"Portada","item":"https:\/\/adl-regalosempresa.com\/tiendaonline\/"},{"@type":"ListItem","position":2,"name":"Tienda","item":"https:\/\/adl-regalosempresa.com\/tiendaonline\/tienda\/"},{"@type":"ListItem","position":3,"name":"Camiseta Cool fit de manga corta para hombre para personalizar con logo"}]},{"@type":"WebSite","@id":"https:\/\/adl-regalosempresa.com\/tiendaonline\/#website","url":"https:\/\/adl-regalosempresa.com\/tiendaonline\/","name":"ADL Comunicaci\u00f3n","description":"Regalos de empresa","publisher":{"@id":"https:\/\/adl-regalosempresa.com\/tiendaonline\/#organization"},"potentialAction":[{"@type":"SearchAction","target":{"@type":"EntryPoint","urlTemplate":"https:\/\/adl-regalosempresa.com\/tiendaonline\/?s={search_term_string}"},"query-input":{"@type":"PropertyValueSpecification","valueRequired":true,"valueName":"search_term_string"}}],"inLanguage":"es"},{"@type":"Organization","@id":"https:\/\/adl-regalosempresa.com\/tiendaonline\/#organization","name":"ADL Comunicaci\u00f3n","url":"https:\/\/adl-regalosempresa.com\/tiendaonline\/","logo":{"@type":"ImageObject","inLanguage":"es","@id":"https:\/\/adl-regalosempresa.com\/tiendaonline\/#\/schema\/logo\/image\/","url":"https:\/\/adl-regalosempresa.com\/tiendaonline\/wp-content\/uploads\/2017\/09\/logo-adl-wp.png","contentUrl":"https:\/\/adl-regalosempresa.com\/tiendaonline\/wp-content\/uploads\/2017\/09\/logo-adl-wp.png","width":407,"height":185,"caption":"ADL Comunicaci\u00f3n"},"image":{"@id":"https:\/\/adl-regalosempresa.com\/tiendaonline\/#\/schema\/logo\/image\/"}}]}},"_links":{"self":[{"href":"https:\/\/adl-regalosempresa.com\/tiendaonline\/wp-json\/wp\/v2\/product\/103799","targetHints":{"allow":["GET"]}}],"collection":[{"href":"https:\/\/adl-regalosempresa.com\/tiendaonline\/wp-json\/wp\/v2\/product"}],"about":[{"href":"https:\/\/adl-regalosempresa.com\/tiendaonline\/wp-json\/wp\/v2\/types\/product"}],"wp:featuredmedia":[{"embeddable":true,"href":"https:\/\/adl-regalosempresa.com\/tiendaonline\/wp-json\/wp\/v2\/media\/103801"}],"wp:attachment":[{"href":"https:\/\/adl-regalosempresa.com\/tiendaonline\/wp-json\/wp\/v2\/media?parent=103799"}],"wp:term":[{"taxonomy":"product_brand","embeddable":true,"href":"https:\/\/adl-regalosempresa.com\/tiendaonline\/wp-json\/wp\/v2\/product_brand?post=103799"},{"taxonomy":"product_cat","embeddable":true,"href":"https:\/\/adl-regalosempresa.com\/tiendaonline\/wp-json\/wp\/v2\/product_cat?post=103799"},{"taxonomy":"product_tag","embeddable":true,"href":"https:\/\/adl-regalosempresa.com\/tiendaonline\/wp-json\/wp\/v2\/product_tag?post=103799"}],"curies":[{"name":"wp","href":"https:\/\/api.w.org\/{rel}","templated":true}]}}