{"id":24,"date":"2017-06-28T16:48:10","date_gmt":"2017-06-28T16:48:10","guid":{"rendered":"https:\/\/adl-regalosempresa.com\/tiendaonline\/?page_id=24"},"modified":"2025-07-23T08:31:30","modified_gmt":"2025-07-23T08:31:30","slug":"catalogos-merchandising-barcelona","status":"publish","type":"page","link":"https:\/\/adl-regalosempresa.com\/tiendaonline\/catalogos-merchandising-barcelona\/","title":{"rendered":"Cat\u00e1logos de art\u00edculos de merchandising Barcelona"},"content":{"rendered":"<style>.kb-row-layout-id24_f6e310-1a > .kt-row-column-wrap{align-content:start;}:where(.kb-row-layout-id24_f6e310-1a > .kt-row-column-wrap) > .wp-block-kadence-column{justify-content:start;}.kb-row-layout-id24_f6e310-1a > .kt-row-column-wrap{column-gap:var(--global-kb-gap-md, 2rem);row-gap:var(--global-kb-gap-md, 2rem);padding-top:var(--global-kb-spacing-sm, 1.5rem);padding-bottom:var(--global-kb-spacing-sm, 1.5rem);grid-template-columns:repeat(2, minmax(0, 1fr));}.kb-row-layout-id24_f6e310-1a > .kt-row-layout-overlay{opacity:0.30;}@media all and (max-width: 1024px){.kb-row-layout-id24_f6e310-1a > .kt-row-column-wrap{grid-template-columns:repeat(2, minmax(0, 1fr));}}@media all and (max-width: 767px){.kb-row-layout-id24_f6e310-1a > .kt-row-column-wrap{grid-template-columns:minmax(0, 1fr);}}<\/style><div class=\"kb-row-layout-wrap kb-row-layout-id24_f6e310-1a alignnone wp-block-kadence-rowlayout\"><div class=\"kt-row-column-wrap kt-has-2-columns kt-row-layout-equal kt-tab-layout-inherit kt-mobile-layout-row kt-row-valign-top\">\n<style>.kadence-column24_9f65a3-05 > .kt-inside-inner-col,.kadence-column24_9f65a3-05 > .kt-inside-inner-col:before{border-top-left-radius:0px;border-top-right-radius:0px;border-bottom-right-radius:0px;border-bottom-left-radius:0px;}.kadence-column24_9f65a3-05 > .kt-inside-inner-col{column-gap:var(--global-kb-gap-sm, 1rem);}.kadence-column24_9f65a3-05 > .kt-inside-inner-col{flex-direction:column;}.kadence-column24_9f65a3-05 > .kt-inside-inner-col > .aligncenter{width:100%;}.kadence-column24_9f65a3-05 > .kt-inside-inner-col:before{opacity:0.3;}.kadence-column24_9f65a3-05{position:relative;}@media all and (max-width: 1024px){.kadence-column24_9f65a3-05 > .kt-inside-inner-col{flex-direction:column;justify-content:center;}}@media all and (max-width: 767px){.kadence-column24_9f65a3-05 > .kt-inside-inner-col{flex-direction:column;justify-content:center;}}<\/style>\n<div class=\"wp-block-kadence-column kadence-column24_9f65a3-05 inner-column-1\"><div class=\"kt-inside-inner-col\">\n<p>Puedes ver o descargar nuestros cat\u00e1logos de merchandising, con todos nuestros productos adem\u00e1s de los que aparecen en la tienda.<\/p>\n<\/div><\/div>\n\n\n<style>.kadence-column24_b6ed26-a2 > .kt-inside-inner-col,.kadence-column24_b6ed26-a2 > .kt-inside-inner-col:before{border-top-left-radius:0px;border-top-right-radius:0px;border-bottom-right-radius:0px;border-bottom-left-radius:0px;}.kadence-column24_b6ed26-a2 > .kt-inside-inner-col{column-gap:var(--global-kb-gap-sm, 1rem);}.kadence-column24_b6ed26-a2 > .kt-inside-inner-col{flex-direction:column;}.kadence-column24_b6ed26-a2 > .kt-inside-inner-col > .aligncenter{width:100%;}.kadence-column24_b6ed26-a2 > .kt-inside-inner-col:before{opacity:0.3;}.kadence-column24_b6ed26-a2{position:relative;}@media all and (max-width: 1024px){.kadence-column24_b6ed26-a2 > .kt-inside-inner-col{flex-direction:column;justify-content:center;}}@media all and (max-width: 767px){.kadence-column24_b6ed26-a2 > .kt-inside-inner-col{flex-direction:column;justify-content:center;}}<\/style>\n<div class=\"wp-block-kadence-column kadence-column24_b6ed26-a2 inner-column-2\"><div class=\"kt-inside-inner-col\">\n<p>Para recibir presupuesto sin compromiso rellena&nbsp;<a href=\"https:\/\/adl-regalosempresa.com\/tiendaonline\/solicitud-presupuesto\/\">nuestro formulario de art\u00edculos bajo presupuesto<\/a>&nbsp;y te enviaremos nuestros mejores precios r\u00e1pidamente.<\/p>\n<\/div><\/div>\n\n<\/div><\/div>\n\n<style>.kb-row-layout-id24_0a942c-33 > .kt-row-column-wrap{align-content:start;}:where(.kb-row-layout-id24_0a942c-33 > .kt-row-column-wrap) > .wp-block-kadence-column{justify-content:start;}.kb-row-layout-id24_0a942c-33 > .kt-row-column-wrap{column-gap:var(--global-kb-gap-md, 2rem);row-gap:var(--global-kb-gap-md, 2rem);padding-top:4px;padding-bottom:31px;grid-template-columns:minmax(0, 1fr);}.kb-row-layout-id24_0a942c-33 > .kt-row-layout-overlay{opacity:0.30;}@media all and (max-width: 1024px){.kb-row-layout-id24_0a942c-33 > .kt-row-column-wrap{grid-template-columns:minmax(0, 1fr);}}@media all and (max-width: 767px){.kb-row-layout-id24_0a942c-33 > .kt-row-column-wrap{grid-template-columns:minmax(0, 1fr);}}<\/style><div class=\"kb-row-layout-wrap kb-row-layout-id24_0a942c-33 alignnone wp-block-kadence-rowlayout\"><div class=\"kt-row-column-wrap kt-has-1-columns kt-row-layout-equal kt-tab-layout-inherit kt-mobile-layout-row kt-row-valign-top\">\n<style>.kadence-column24_b081ff-9b > .kt-inside-inner-col,.kadence-column24_b081ff-9b > .kt-inside-inner-col:before{border-top-left-radius:0px;border-top-right-radius:0px;border-bottom-right-radius:0px;border-bottom-left-radius:0px;}.kadence-column24_b081ff-9b > .kt-inside-inner-col{column-gap:var(--global-kb-gap-sm, 1rem);}.kadence-column24_b081ff-9b > .kt-inside-inner-col{flex-direction:column;}.kadence-column24_b081ff-9b > .kt-inside-inner-col > .aligncenter{width:100%;}.kadence-column24_b081ff-9b > .kt-inside-inner-col:before{opacity:0.3;}.kadence-column24_b081ff-9b{position:relative;}@media all and (max-width: 1024px){.kadence-column24_b081ff-9b > .kt-inside-inner-col{flex-direction:column;justify-content:center;}}@media all and (max-width: 767px){.kadence-column24_b081ff-9b > .kt-inside-inner-col{flex-direction:column;justify-content:center;}}<\/style>\n<div class=\"wp-block-kadence-column kadence-column24_b081ff-9b inner-column-1\"><div class=\"kt-inside-inner-col\">\n<div class=\"wp-block-buttons is-content-justification-center is-layout-flex wp-container-core-buttons-is-layout-16018d1d wp-block-buttons-is-layout-flex\">\n<div class=\"wp-block-button\"><a class=\"wp-block-button__link wp-element-button\" href=\"https:\/\/adl-regalosempresa.com\/tiendaonline\/solicitud-presupuesto\/\">solicitar presupuesto<\/a><\/div>\n<\/div>\n<\/div><\/div>\n\n<\/div><\/div>\n\n<style>.kb-row-layout-id24_f7ed21-01 > .kt-row-column-wrap{align-content:start;}:where(.kb-row-layout-id24_f7ed21-01 > .kt-row-column-wrap) > .wp-block-kadence-column{justify-content:start;}.kb-row-layout-id24_f7ed21-01 > .kt-row-column-wrap{column-gap:var(--global-kb-gap-md, 2rem);row-gap:var(--global-kb-gap-md, 2rem);padding-top:41px;padding-bottom:25px;grid-template-columns:minmax(0, 1fr);}.kb-row-layout-id24_f7ed21-01 > .kt-row-layout-overlay{opacity:0.30;}@media all and (max-width: 1024px){.kb-row-layout-id24_f7ed21-01 > .kt-row-column-wrap{grid-template-columns:minmax(0, 1fr);}}@media all and (max-width: 767px){.kb-row-layout-id24_f7ed21-01 > .kt-row-column-wrap{grid-template-columns:minmax(0, 1fr);}}<\/style><div class=\"kb-row-layout-wrap kb-row-layout-id24_f7ed21-01 alignnone wp-block-kadence-rowlayout\"><div class=\"kt-row-column-wrap kt-has-1-columns kt-row-layout-equal kt-tab-layout-inherit kt-mobile-layout-row kt-row-valign-top\">\n<style>.kadence-column24_fd03a9-ec > .kt-inside-inner-col,.kadence-column24_fd03a9-ec > .kt-inside-inner-col:before{border-top-left-radius:0px;border-top-right-radius:0px;border-bottom-right-radius:0px;border-bottom-left-radius:0px;}.kadence-column24_fd03a9-ec > .kt-inside-inner-col{column-gap:var(--global-kb-gap-sm, 1rem);}.kadence-column24_fd03a9-ec > .kt-inside-inner-col{flex-direction:column;}.kadence-column24_fd03a9-ec > .kt-inside-inner-col > .aligncenter{width:100%;}.kadence-column24_fd03a9-ec > .kt-inside-inner-col:before{opacity:0.3;}.kadence-column24_fd03a9-ec{position:relative;}@media all and (max-width: 1024px){.kadence-column24_fd03a9-ec > .kt-inside-inner-col{flex-direction:column;justify-content:center;}}@media all and (max-width: 767px){.kadence-column24_fd03a9-ec > .kt-inside-inner-col{flex-direction:column;justify-content:center;}}<\/style>\n<div class=\"wp-block-kadence-column kadence-column24_fd03a9-ec\"><div class=\"kt-inside-inner-col\">\n<style>\n.grid-catalegs .cataleg-titol { padding:10px; text-align:center; }\n.grid-catalegs a { text-decoration:none; color:#333; }\n.grid-catalegs .cataleg-thumbnail { overflow: hidden; width:100%; height: auto; text-align: center; border: solid 1px #eaeaea; }\n.grid-catalegs .cataleg-thumbnail img { object-fit: cover; object-position: center; width:100%; height: 100%; transition: all .8s cubic-bezier(0.165,0.84,0.44,1) 0s; }\n.grid-catalegs a:hover .cataleg-thumbnail img { transform: scale(110%); }\n<\/style>\n\n<div class=\"grid-catalegs gridlex-2_lg-2_md-2_sm-1_xs-1 gridlex-center\">\n  \n    <div class=\"col\">\n      <a href=\"https:\/\/adl-regalosempresa.com\/tiendaonline\/catalogo\/calcetines-personalizados\/\">\n        <div class=\"cataleg-thumbnail\">\n          <img decoding=\"async\" src=\"https:\/\/adl-regalosempresa.com\/tiendaonline\/wp-content\/uploads\/2026\/03\/Copia-de-Personaliza-con-ADL-Comunicacion-885-x-663-px.png\">\n        <\/div>\n          <div class=\"cataleg-titol\">Cat\u00e1logo Calcetines Personalizados<\/div>\n      <\/a>\n    <\/div>\n\n    <div class=\"col\">\n      <a href=\"https:\/\/adl-regalosempresa.com\/tiendaonline\/catalogo\/merchandising-el-mes-del-orgullo\/\">\n        <div class=\"cataleg-thumbnail\">\n          <img decoding=\"async\" src=\"https:\/\/adl-regalosempresa.com\/tiendaonline\/wp-content\/uploads\/2025\/05\/Imagen-para-el-catalogo-885-x-663-px.jpg\">\n        <\/div>\n          <div class=\"cataleg-titol\">Merchandising El Mes Del Orgullo<\/div>\n      <\/a>\n    <\/div>\n\n    <div class=\"col\">\n      <a href=\"https:\/\/adl-regalosempresa.com\/tiendaonline\/catalogo\/articulos-de-merchandising-navidad-2\/\">\n        <div class=\"cataleg-thumbnail\">\n          <img decoding=\"async\" src=\"https:\/\/adl-regalosempresa.com\/tiendaonline\/wp-content\/uploads\/2024\/11\/catalogo-navidad-2024.jpg\">\n        <\/div>\n          <div class=\"cataleg-titol\">Art\u00edculos de merchandising Navidad<\/div>\n      <\/a>\n    <\/div>\n\n    <div class=\"col\">\n      <a href=\"https:\/\/adl-regalosempresa.com\/tiendaonline\/catalogo\/articulos-de-merchandising-promociones-sostenibles\/\">\n        <div class=\"cataleg-thumbnail\">\n          <img decoding=\"async\" src=\"https:\/\/adl-regalosempresa.com\/tiendaonline\/wp-content\/uploads\/2024\/02\/catalogo-promociones-sostenibles-thumb.jpg\">\n        <\/div>\n          <div class=\"cataleg-titol\">Art\u00edculos de merchandising promociones sostenibles<\/div>\n      <\/a>\n    <\/div>\n\n    <div class=\"col\">\n      <a href=\"https:\/\/adl-regalosempresa.com\/tiendaonline\/catalogo\/articulos-de-merchandising-bic-2\/\">\n        <div class=\"cataleg-thumbnail\">\n          <img decoding=\"async\" src=\"https:\/\/adl-regalosempresa.com\/tiendaonline\/wp-content\/uploads\/2024\/02\/catalogo-bic-2024-thumb.jpg\">\n        <\/div>\n          <div class=\"cataleg-titol\">Art\u00edculos de merchandising BIC<\/div>\n      <\/a>\n    <\/div>\n\n    <div class=\"col\">\n      <a href=\"https:\/\/adl-regalosempresa.com\/tiendaonline\/catalogo\/articulos-de-merchandising-esenciales-de-invierno\/\">\n        <div class=\"cataleg-thumbnail\">\n          <img decoding=\"async\" src=\"https:\/\/adl-regalosempresa.com\/tiendaonline\/wp-content\/uploads\/2023\/11\/catalogo-winter-essentials-2023-thumb.jpg\">\n        <\/div>\n          <div class=\"cataleg-titol\">Art\u00edculos de merchandising Esenciales de Invierno<\/div>\n      <\/a>\n    <\/div>\n\n    <div class=\"col\">\n      <a href=\"https:\/\/adl-regalosempresa.com\/tiendaonline\/catalogo\/articulos-de-merchandising-textil\/\">\n        <div class=\"cataleg-thumbnail\">\n          <img decoding=\"async\" src=\"https:\/\/adl-regalosempresa.com\/tiendaonline\/wp-content\/uploads\/2023\/11\/catalogo-textil-2023-thumb.jpg\">\n        <\/div>\n          <div class=\"cataleg-titol\">Art\u00edculos de merchandising T\u00e9xtil<\/div>\n      <\/a>\n    <\/div>\n\n    <div class=\"col\">\n      <a href=\"https:\/\/adl-regalosempresa.com\/tiendaonline\/catalogo\/articulos-de-merchandising-dulces\/\">\n        <div class=\"cataleg-thumbnail\">\n          <img decoding=\"async\" src=\"https:\/\/adl-regalosempresa.com\/tiendaonline\/wp-content\/uploads\/2022\/07\/catalogo-dulces-thumb.jpg\">\n        <\/div>\n          <div class=\"cataleg-titol\">Art\u00edculos de merchandising Dulces<\/div>\n      <\/a>\n    <\/div>\n\n    <div class=\"col\">\n      <a href=\"https:\/\/adl-regalosempresa.com\/tiendaonline\/catalogo\/articulos-de-merchandising-zapatillas-personalizadas-veganas\/\">\n        <div class=\"cataleg-thumbnail\">\n          <img decoding=\"async\" src=\"https:\/\/adl-regalosempresa.com\/tiendaonline\/wp-content\/uploads\/2022\/09\/catalogo-vegano-zapatillas-thumb.jpg\">\n        <\/div>\n          <div class=\"cataleg-titol\">Art\u00edculos de merchandising Zapatillas Personalizadas Veganas<\/div>\n      <\/a>\n    <\/div>\n\n    <div class=\"col\">\n      <a href=\"https:\/\/adl-regalosempresa.com\/tiendaonline\/catalogo\/articulos-de-merchandising-zapatillas-personalizadas-tarifas\/\">\n        <div class=\"cataleg-thumbnail\">\n          <img decoding=\"async\" src=\"https:\/\/adl-regalosempresa.com\/tiendaonline\/wp-content\/uploads\/2022\/06\/tarifas-zapatillas-thumb.jpg\">\n        <\/div>\n          <div class=\"cataleg-titol\">Art\u00edculos de merchandising Zapatillas Personalizadas (Tarifas)<\/div>\n      <\/a>\n    <\/div>\n\n    <div class=\"col\">\n      <a href=\"https:\/\/adl-regalosempresa.com\/tiendaonline\/catalogo\/catalogo-de-articulos-de-merchandising-de-zapatillas-personalizadas\/\">\n        <div class=\"cataleg-thumbnail\">\n          <img decoding=\"async\" src=\"https:\/\/adl-regalosempresa.com\/tiendaonline\/wp-content\/uploads\/2022\/06\/catalogo-general-zapatillas-thumb.jpg\">\n        <\/div>\n          <div class=\"cataleg-titol\">Art\u00edculos de merchandising Zapatillas Personalizadas<\/div>\n      <\/a>\n    <\/div>\n  \n<\/div>\n<\/div><\/div>\n\n<\/div><\/div>\n\n<style>.kb-row-layout-id24_0e6b93-02 > .kt-row-column-wrap{align-content:start;}:where(.kb-row-layout-id24_0e6b93-02 > .kt-row-column-wrap) > .wp-block-kadence-column{justify-content:start;}.kb-row-layout-id24_0e6b93-02 > .kt-row-column-wrap{column-gap:var(--global-kb-gap-md, 2rem);row-gap:var(--global-kb-gap-md, 2rem);padding-top:41px;padding-bottom:25px;grid-template-columns:minmax(0, 1fr);}.kb-row-layout-id24_0e6b93-02 > .kt-row-layout-overlay{opacity:0.30;}@media all and (max-width: 1024px){.kb-row-layout-id24_0e6b93-02 > .kt-row-column-wrap{grid-template-columns:minmax(0, 1fr);}}@media all and (max-width: 767px){.kb-row-layout-id24_0e6b93-02 > .kt-row-column-wrap{grid-template-columns:minmax(0, 1fr);}}<\/style><div class=\"kb-row-layout-wrap kb-row-layout-id24_0e6b93-02 alignnone wp-block-kadence-rowlayout\"><div class=\"kt-row-column-wrap kt-has-1-columns kt-row-layout-equal kt-tab-layout-inherit kt-mobile-layout-row kt-row-valign-top\">\n<style>.kadence-column24_7e9eca-a6 > .kt-inside-inner-col,.kadence-column24_7e9eca-a6 > .kt-inside-inner-col:before{border-top-left-radius:0px;border-top-right-radius:0px;border-bottom-right-radius:0px;border-bottom-left-radius:0px;}.kadence-column24_7e9eca-a6 > .kt-inside-inner-col{column-gap:var(--global-kb-gap-sm, 1rem);}.kadence-column24_7e9eca-a6 > .kt-inside-inner-col{flex-direction:column;}.kadence-column24_7e9eca-a6 > .kt-inside-inner-col > .aligncenter{width:100%;}.kadence-column24_7e9eca-a6 > .kt-inside-inner-col:before{opacity:0.3;}.kadence-column24_7e9eca-a6{position:relative;}@media all and (max-width: 1024px){.kadence-column24_7e9eca-a6 > .kt-inside-inner-col{flex-direction:column;justify-content:center;}}@media all and (max-width: 767px){.kadence-column24_7e9eca-a6 > .kt-inside-inner-col{flex-direction:column;justify-content:center;}}<\/style>\n<div class=\"wp-block-kadence-column kadence-column24_7e9eca-a6 inner-column-1 banners-encaixats\"><div class=\"kt-inside-inner-col\">\n<div class=\"banners-home gridlex-4_lg-4_md-3_sm-2_xs-1 gridlex-noGutter gridlex-center\">\n  \n    <div class=\"col\">\n      <a href=\"https:\/\/adl-regalosempresa.com\/tiendaonline\/tienda\/page\/2\/?wpf=wpf_6202a052c8723&wpf_page=2&wpf_categoria=botellas-con-infusor%2Csets-de-regalo%2Ctazas-estandar%2Cvasos&pum_form_popup_id=84138\">\n        <img decoding=\"async\" src=\"https:\/\/adl-regalosempresa.com\/tiendaonline\/wp-content\/uploads\/2023\/12\/sets-te-personalizados.jpg\">\n        <div class=\"banner-titol\">Sets de t\u00e9 personalizados<\/div>\n      <\/a>\n    <\/div>\n\n    <div class=\"col\">\n      <a href=\"https:\/\/adl-regalosempresa.com\/tiendaonline\/tienda\/?wpf=wpf_6202a052c8723&wpf_page=1&wpf_categoria=sets-de-regalo%2Ctazas-estandar%2Cvasos%2Cvasos-tazas-de-viaje%2Cvasos-tazas-isotermicas\">\n        <img decoding=\"async\" src=\"https:\/\/adl-regalosempresa.com\/tiendaonline\/wp-content\/uploads\/2022\/06\/tazas-personalizadas.jpg\">\n        <div class=\"banner-titol\">Tazas personalizadas<\/div>\n      <\/a>\n    <\/div>\n\n    <div class=\"col\">\n      <a href=\"https:\/\/adl-regalosempresa.com\/tiendaonline\/catalogo\/articulos-de-merchandising-bic-2\/\">\n        <img decoding=\"async\" src=\"https:\/\/adl-regalosempresa.com\/tiendaonline\/wp-content\/uploads\/2025\/03\/Encendedores.png\">\n        <div class=\"banner-titol\">Encendedores multiuso personalizados<\/div>\n      <\/a>\n    <\/div>\n\n    <div class=\"col\">\n      <a href=\"https:\/\/adl-regalosempresa.com\/tiendaonline\/tienda\/?wpf=wpf_6202a052c8723&wpf_page=1&wpf_categoria=bolsas-con-cuerdas%2Cmochilas%2Cmochilas-para-portatiles\">\n        <img decoding=\"async\" src=\"https:\/\/adl-regalosempresa.com\/tiendaonline\/wp-content\/uploads\/2022\/06\/mochilas-personalizadas.jpg\">\n        <div class=\"banner-titol\">Mochilas personalizadas<\/div>\n      <\/a>\n    <\/div>\n  \n<\/div>\n<\/div><\/div>\n\n<\/div><\/div>","protected":false},"excerpt":{"rendered":"<p>Puedes ver o descargar nuestros cat\u00e1logos de merchandising, con todos nuestros productos adem\u00e1s de los que aparecen en la tienda. Para recibir presupuesto sin compromiso rellena&nbsp;nuestro formulario de art\u00edculos bajo presupuesto&nbsp;y te enviaremos nuestros mejores precios r\u00e1pidamente.<\/p>\n","protected":false},"author":1,"featured_media":0,"parent":0,"menu_order":0,"comment_status":"closed","ping_status":"closed","template":"","meta":{"_kad_post_transparent":"default","_kad_post_title":"default","_kad_post_layout":"default","_kad_post_sidebar_id":"","_kad_post_content_style":"default","_kad_post_vertical_padding":"default","_kad_post_feature":"","_kad_post_feature_position":"","_kad_post_header":false,"_kad_post_footer":false,"_kad_post_classname":"","footnotes":""},"class_list":["post-24","page","type-page","status-publish","hentry"],"yoast_head":"<!-- This site is optimized with the Yoast SEO plugin v26.3 - https:\/\/yoast.com\/wordpress\/plugins\/seo\/ -->\n<title>Cat\u00e1logos de art\u00edculos de merchandising Barcelona - ADL<\/title>\n<meta name=\"robots\" content=\"index, follow, max-snippet:-1, max-image-preview:large, max-video-preview:-1\" \/>\n<link rel=\"canonical\" href=\"https:\/\/adl-regalosempresa.com\/tiendaonline\/catalogos-merchandising-barcelona\/\" \/>\n<meta property=\"og:locale\" content=\"es_ES\" \/>\n<meta property=\"og:type\" content=\"article\" \/>\n<meta property=\"og:title\" content=\"Cat\u00e1logos de art\u00edculos de merchandising Barcelona - ADL\" \/>\n<meta property=\"og:description\" content=\"Puedes ver o descargar nuestros cat\u00e1logos de merchandising, con todos nuestros productos adem\u00e1s de los que aparecen en la tienda. Para recibir presupuesto sin compromiso rellena&nbsp;nuestro formulario de art\u00edculos bajo presupuesto&nbsp;y te enviaremos nuestros mejores precios r\u00e1pidamente.\" \/>\n<meta property=\"og:url\" content=\"https:\/\/adl-regalosempresa.com\/tiendaonline\/catalogos-merchandising-barcelona\/\" \/>\n<meta property=\"og:site_name\" content=\"ADL Comunicaci\u00f3n\" \/>\n<meta property=\"article:modified_time\" content=\"2025-07-23T08:31:30+00:00\" \/>\n<meta name=\"twitter:card\" content=\"summary_large_image\" \/>\n<meta name=\"twitter:label1\" content=\"Tiempo de lectura\" \/>\n\t<meta name=\"twitter:data1\" content=\"1 minuto\" \/>\n<script type=\"application\/ld+json\" class=\"yoast-schema-graph\">{\"@context\":\"https:\/\/schema.org\",\"@graph\":[{\"@type\":\"WebPage\",\"@id\":\"https:\/\/adl-regalosempresa.com\/tiendaonline\/catalogos-merchandising-barcelona\/\",\"url\":\"https:\/\/adl-regalosempresa.com\/tiendaonline\/catalogos-merchandising-barcelona\/\",\"name\":\"Cat\u00e1logos de art\u00edculos de merchandising Barcelona - ADL\",\"isPartOf\":{\"@id\":\"https:\/\/adl-regalosempresa.com\/tiendaonline\/#website\"},\"datePublished\":\"2017-06-28T16:48:10+00:00\",\"dateModified\":\"2025-07-23T08:31:30+00:00\",\"breadcrumb\":{\"@id\":\"https:\/\/adl-regalosempresa.com\/tiendaonline\/catalogos-merchandising-barcelona\/#breadcrumb\"},\"inLanguage\":\"es\",\"potentialAction\":[{\"@type\":\"ReadAction\",\"target\":[\"https:\/\/adl-regalosempresa.com\/tiendaonline\/catalogos-merchandising-barcelona\/\"]}]},{\"@type\":\"BreadcrumbList\",\"@id\":\"https:\/\/adl-regalosempresa.com\/tiendaonline\/catalogos-merchandising-barcelona\/#breadcrumb\",\"itemListElement\":[{\"@type\":\"ListItem\",\"position\":1,\"name\":\"Portada\",\"item\":\"https:\/\/adl-regalosempresa.com\/tiendaonline\/\"},{\"@type\":\"ListItem\",\"position\":2,\"name\":\"Cat\u00e1logos de art\u00edculos de merchandising Barcelona\"}]},{\"@type\":\"WebSite\",\"@id\":\"https:\/\/adl-regalosempresa.com\/tiendaonline\/#website\",\"url\":\"https:\/\/adl-regalosempresa.com\/tiendaonline\/\",\"name\":\"ADL Comunicaci\u00f3n\",\"description\":\"Regalos de empresa\",\"publisher\":{\"@id\":\"https:\/\/adl-regalosempresa.com\/tiendaonline\/#organization\"},\"potentialAction\":[{\"@type\":\"SearchAction\",\"target\":{\"@type\":\"EntryPoint\",\"urlTemplate\":\"https:\/\/adl-regalosempresa.com\/tiendaonline\/?s={search_term_string}\"},\"query-input\":{\"@type\":\"PropertyValueSpecification\",\"valueRequired\":true,\"valueName\":\"search_term_string\"}}],\"inLanguage\":\"es\"},{\"@type\":\"Organization\",\"@id\":\"https:\/\/adl-regalosempresa.com\/tiendaonline\/#organization\",\"name\":\"ADL Comunicaci\u00f3n\",\"url\":\"https:\/\/adl-regalosempresa.com\/tiendaonline\/\",\"logo\":{\"@type\":\"ImageObject\",\"inLanguage\":\"es\",\"@id\":\"https:\/\/adl-regalosempresa.com\/tiendaonline\/#\/schema\/logo\/image\/\",\"url\":\"https:\/\/adl-regalosempresa.com\/tiendaonline\/wp-content\/uploads\/2017\/09\/logo-adl-wp.png\",\"contentUrl\":\"https:\/\/adl-regalosempresa.com\/tiendaonline\/wp-content\/uploads\/2017\/09\/logo-adl-wp.png\",\"width\":407,\"height\":185,\"caption\":\"ADL Comunicaci\u00f3n\"},\"image\":{\"@id\":\"https:\/\/adl-regalosempresa.com\/tiendaonline\/#\/schema\/logo\/image\/\"}}]}<\/script>\n<!-- \/ Yoast SEO plugin. -->","yoast_head_json":{"title":"Cat\u00e1logos de art\u00edculos de merchandising Barcelona - ADL","robots":{"index":"index","follow":"follow","max-snippet":"max-snippet:-1","max-image-preview":"max-image-preview:large","max-video-preview":"max-video-preview:-1"},"canonical":"https:\/\/adl-regalosempresa.com\/tiendaonline\/catalogos-merchandising-barcelona\/","og_locale":"es_ES","og_type":"article","og_title":"Cat\u00e1logos de art\u00edculos de merchandising Barcelona - ADL","og_description":"Puedes ver o descargar nuestros cat\u00e1logos de merchandising, con todos nuestros productos adem\u00e1s de los que aparecen en la tienda. Para recibir presupuesto sin compromiso rellena&nbsp;nuestro formulario de art\u00edculos bajo presupuesto&nbsp;y te enviaremos nuestros mejores precios r\u00e1pidamente.","og_url":"https:\/\/adl-regalosempresa.com\/tiendaonline\/catalogos-merchandising-barcelona\/","og_site_name":"ADL Comunicaci\u00f3n","article_modified_time":"2025-07-23T08:31:30+00:00","twitter_card":"summary_large_image","twitter_misc":{"Tiempo de lectura":"1 minuto"},"schema":{"@context":"https:\/\/schema.org","@graph":[{"@type":"WebPage","@id":"https:\/\/adl-regalosempresa.com\/tiendaonline\/catalogos-merchandising-barcelona\/","url":"https:\/\/adl-regalosempresa.com\/tiendaonline\/catalogos-merchandising-barcelona\/","name":"Cat\u00e1logos de art\u00edculos de merchandising Barcelona - ADL","isPartOf":{"@id":"https:\/\/adl-regalosempresa.com\/tiendaonline\/#website"},"datePublished":"2017-06-28T16:48:10+00:00","dateModified":"2025-07-23T08:31:30+00:00","breadcrumb":{"@id":"https:\/\/adl-regalosempresa.com\/tiendaonline\/catalogos-merchandising-barcelona\/#breadcrumb"},"inLanguage":"es","potentialAction":[{"@type":"ReadAction","target":["https:\/\/adl-regalosempresa.com\/tiendaonline\/catalogos-merchandising-barcelona\/"]}]},{"@type":"BreadcrumbList","@id":"https:\/\/adl-regalosempresa.com\/tiendaonline\/catalogos-merchandising-barcelona\/#breadcrumb","itemListElement":[{"@type":"ListItem","position":1,"name":"Portada","item":"https:\/\/adl-regalosempresa.com\/tiendaonline\/"},{"@type":"ListItem","position":2,"name":"Cat\u00e1logos de art\u00edculos de merchandising Barcelona"}]},{"@type":"WebSite","@id":"https:\/\/adl-regalosempresa.com\/tiendaonline\/#website","url":"https:\/\/adl-regalosempresa.com\/tiendaonline\/","name":"ADL Comunicaci\u00f3n","description":"Regalos de empresa","publisher":{"@id":"https:\/\/adl-regalosempresa.com\/tiendaonline\/#organization"},"potentialAction":[{"@type":"SearchAction","target":{"@type":"EntryPoint","urlTemplate":"https:\/\/adl-regalosempresa.com\/tiendaonline\/?s={search_term_string}"},"query-input":{"@type":"PropertyValueSpecification","valueRequired":true,"valueName":"search_term_string"}}],"inLanguage":"es"},{"@type":"Organization","@id":"https:\/\/adl-regalosempresa.com\/tiendaonline\/#organization","name":"ADL Comunicaci\u00f3n","url":"https:\/\/adl-regalosempresa.com\/tiendaonline\/","logo":{"@type":"ImageObject","inLanguage":"es","@id":"https:\/\/adl-regalosempresa.com\/tiendaonline\/#\/schema\/logo\/image\/","url":"https:\/\/adl-regalosempresa.com\/tiendaonline\/wp-content\/uploads\/2017\/09\/logo-adl-wp.png","contentUrl":"https:\/\/adl-regalosempresa.com\/tiendaonline\/wp-content\/uploads\/2017\/09\/logo-adl-wp.png","width":407,"height":185,"caption":"ADL Comunicaci\u00f3n"},"image":{"@id":"https:\/\/adl-regalosempresa.com\/tiendaonline\/#\/schema\/logo\/image\/"}}]}},"_links":{"self":[{"href":"https:\/\/adl-regalosempresa.com\/tiendaonline\/wp-json\/wp\/v2\/pages\/24","targetHints":{"allow":["GET"]}}],"collection":[{"href":"https:\/\/adl-regalosempresa.com\/tiendaonline\/wp-json\/wp\/v2\/pages"}],"about":[{"href":"https:\/\/adl-regalosempresa.com\/tiendaonline\/wp-json\/wp\/v2\/types\/page"}],"author":[{"embeddable":true,"href":"https:\/\/adl-regalosempresa.com\/tiendaonline\/wp-json\/wp\/v2\/users\/1"}],"replies":[{"embeddable":true,"href":"https:\/\/adl-regalosempresa.com\/tiendaonline\/wp-json\/wp\/v2\/comments?post=24"}],"version-history":[{"count":12,"href":"https:\/\/adl-regalosempresa.com\/tiendaonline\/wp-json\/wp\/v2\/pages\/24\/revisions"}],"predecessor-version":[{"id":142078,"href":"https:\/\/adl-regalosempresa.com\/tiendaonline\/wp-json\/wp\/v2\/pages\/24\/revisions\/142078"}],"wp:attachment":[{"href":"https:\/\/adl-regalosempresa.com\/tiendaonline\/wp-json\/wp\/v2\/media?parent=24"}],"curies":[{"name":"wp","href":"https:\/\/api.w.org\/{rel}","templated":true}]}}